{"id":1823,"date":"2024-04-15T11:09:46","date_gmt":"2024-04-15T09:09:46","guid":{"rendered":"https:\/\/general-transmission.fr\/?page_id=1823"},"modified":"2024-06-26T16:24:35","modified_gmt":"2024-06-26T14:24:35","slug":"internet-mobile","status":"publish","type":"page","link":"https:\/\/general-transmission.fr\/index.php\/internet-mobile\/","title":{"rendered":"Internet mobile"},"content":{"rendered":"\n<div class=\"wp-block-cover alignwide is-light\" style=\"min-height:404px;aspect-ratio:unset;\"><span aria-hidden=\"true\" class=\"wp-block-cover__background has-background-dim\"><\/span><img loading=\"lazy\" decoding=\"async\" width=\"1200\" height=\"900\" class=\"wp-block-cover__image-background wp-image-2073\" alt=\"Internet Mobile\" src=\"https:\/\/general-transmission.fr\/wp-content\/uploads\/2024\/04\/5g-arrive-bientot-france-reseau-mobile.jpg\" data-object-fit=\"cover\" srcset=\"https:\/\/general-transmission.fr\/wp-content\/uploads\/2024\/04\/5g-arrive-bientot-france-reseau-mobile.jpg 1200w, https:\/\/general-transmission.fr\/wp-content\/uploads\/2024\/04\/5g-arrive-bientot-france-reseau-mobile-300x225.jpg 300w, https:\/\/general-transmission.fr\/wp-content\/uploads\/2024\/04\/5g-arrive-bientot-france-reseau-mobile-1024x768.jpg 1024w, https:\/\/general-transmission.fr\/wp-content\/uploads\/2024\/04\/5g-arrive-bientot-france-reseau-mobile-768x576.jpg 768w\" sizes=\"auto, (max-width: 1200px) 100vw, 1200px\" \/><div class=\"wp-block-cover__inner-container is-layout-flow wp-block-cover-is-layout-flow\">\n<h2 class=\"wp-block-heading has-text-align-center animated fadeInDown has-large-font-size\">Internet Mobile<\/h2>\n<\/div><\/div>\n\n\n\n<div style=\"height:28px\" aria-hidden=\"true\" class=\"wp-block-spacer\"><\/div>\n\n\n\n<h3 class=\"wp-block-heading has-text-align-center animated fadeInDown\">D\u00e9couvrez nos solutions d&rsquo;internet mobile SFR Business<\/h3>\n\n\n\n<p class=\"has-text-align-center animated fadeInDown has-ast-global-color-7-color has-text-color has-link-color wp-elements-a0020dc3e1a4349fee812818728ef7e7\"><strong>La data mobile<\/strong> devient aujourd&rsquo;hui indispensable, c&rsquo;est pourquoi l&rsquo;ensemble de nos solutions int\u00e8grent des volumes de data allant de <strong>1Go \u00e0 illimit\u00e9<\/strong><br>Que ce soit pour une connexion occasionnelle ou continue, nos <strong>forfaits 4G et 5G <\/strong>sont con\u00e7us pour r\u00e9pondre \u00e0 toutes vos exigences en mati\u00e8re de connectivit\u00e9.<\/p>\n\n\n\n<p class=\"has-text-align-center animated fadeInDown has-ast-global-color-7-color has-text-color has-link-color wp-elements-36a504336cbf009d4de9aaaa69bae9aa\">Nous mettons \u00e0 votre disposition une gamme de produits et de services sp\u00e9cialement con\u00e7us pour les professionnels : <strong>des solutions packager avec <a href=\"https:\/\/general-transmission.fr\/index.php\/m2m-ip-fixe\/\">Box 4G<\/a>; <a href=\"https:\/\/general-transmission.fr\/index.php\/m2m-ip-fixe\/\">des solutions sur-mesure avec routeur industriel<\/a><\/strong>; <strong>des solutions outdoor <\/strong><\/p>\n\n\n\n<p class=\"has-text-align-center animated fadeInDown has-ast-global-color-7-color has-text-color has-link-color wp-elements-4f33c7d4e686fd338c735f3d8620eb5c\">Nos offres comprennent des <strong>forfaits illimit\u00e9s<\/strong>, ainsi que des forfaits de Go avec possibilit\u00e9 de bridage pour \u00e9viter tout d\u00e9passement. Quel que soit votre besoin, nous avons le forfait id\u00e9al pour vous.<\/p>\n\n\n\n<div class=\"wp-block-columns animated fadeIn is-layout-flex wp-container-core-columns-is-layout-28f84493 wp-block-columns-is-layout-flex\">\n<div class=\"wp-block-column is-vertically-aligned-center is-layout-flow wp-block-column-is-layout-flow\">\n<h3 class=\"wp-block-heading has-text-align-center\">Vous souhaitez connaitre la couverture 4G et 5G de votre entreprise avec SFR Business<\/h3>\n\n\n\n<p class=\"has-text-align-center has-black-color has-text-color has-link-color wp-elements-7a4fbdea3b618f6e5ff2144a7c403668\">Pour connaitre plus en d\u00e9tails la liste de nos forfaits internet mobile, <a href=\"https:\/\/general-transmission.fr\/index.php\/xcontactez-nous\/\"><strong>contactez-nous<\/strong><\/a> !<\/p>\n<\/div>\n\n\n\n<div class=\"wp-block-column is-layout-flow wp-block-column-is-layout-flow\">\n<figure class=\"wp-block-image size-full\"><a href=\"https:\/\/www.sfrbusiness.fr\/a-propos\/reseau-tres-haut-debit\/carte-couverture-reseau-mobile\/\" target=\"_blank\" rel=\"noreferrer noopener\"><img loading=\"lazy\" decoding=\"async\" width=\"910\" height=\"511\" src=\"https:\/\/general-transmission.fr\/wp-content\/uploads\/2024\/04\/dzdzd.png\" alt=\"Internet Mobile\" class=\"wp-image-2067\" srcset=\"https:\/\/general-transmission.fr\/wp-content\/uploads\/2024\/04\/dzdzd.png 910w, https:\/\/general-transmission.fr\/wp-content\/uploads\/2024\/04\/dzdzd-300x168.png 300w, https:\/\/general-transmission.fr\/wp-content\/uploads\/2024\/04\/dzdzd-768x431.png 768w\" sizes=\"auto, (max-width: 910px) 100vw, 910px\" \/><\/a><\/figure>\n<\/div>\n<\/div>\n","protected":false},"excerpt":{"rendered":"<p>D\u00e9couvrez nos solutions d&rsquo;internet mobile SFR Business La data mobile devient aujourd&rsquo;hui indispensable, c&rsquo;est pourquoi l&rsquo;ensemble de nos solutions int\u00e8grent [&hellip;]<\/p>\n","protected":false},"author":1,"featured_media":0,"parent":0,"menu_order":0,"comment_status":"closed","ping_status":"closed","template":"","meta":{"site-sidebar-layout":"default","site-content-layout":"","ast-site-content-layout":"default","site-content-style":"default","site-sidebar-style":"default","ast-global-header-display":"","ast-banner-title-visibility":"","ast-main-header-display":"","ast-hfb-above-header-display":"","ast-hfb-below-header-display":"","ast-hfb-mobile-header-display":"","site-post-title":"disabled","ast-breadcrumbs-content":"","ast-featured-img":"","footer-sml-layout":"","theme-transparent-header-meta":"","adv-header-id-meta":"","stick-header-meta":"","header-above-stick-meta":"","header-main-stick-meta":"","header-below-stick-meta":"","astra-migrate-meta-layouts":"default","ast-page-background-enabled":"default","ast-page-background-meta":{"desktop":{"background-color":"var(--ast-global-color-4)","background-image":"","background-repeat":"repeat","background-position":"center center","background-size":"auto","background-attachment":"scroll","background-type":"","background-media":"","overlay-type":"","overlay-color":"","overlay-opacity":"","overlay-gradient":""},"tablet":{"background-color":"","background-image":"","background-repeat":"repeat","background-position":"center center","background-size":"auto","background-attachment":"scroll","background-type":"","background-media":"","overlay-type":"","overlay-color":"","overlay-opacity":"","overlay-gradient":""},"mobile":{"background-color":"","background-image":"","background-repeat":"repeat","background-position":"center center","background-size":"auto","background-attachment":"scroll","background-type":"","background-media":"","overlay-type":"","overlay-color":"","overlay-opacity":"","overlay-gradient":""}},"ast-content-background-meta":{"desktop":{"background-color":"var(--ast-global-color-5)","background-image":"","background-repeat":"repeat","background-position":"center center","background-size":"auto","background-attachment":"scroll","background-type":"","background-media":"","overlay-type":"","overlay-color":"","overlay-opacity":"","overlay-gradient":""},"tablet":{"background-color":"var(--ast-global-color-5)","background-image":"","background-repeat":"repeat","background-position":"center center","background-size":"auto","background-attachment":"scroll","background-type":"","background-media":"","overlay-type":"","overlay-color":"","overlay-opacity":"","overlay-gradient":""},"mobile":{"background-color":"var(--ast-global-color-5)","background-image":"","background-repeat":"repeat","background-position":"center center","background-size":"auto","background-attachment":"scroll","background-type":"","background-media":"","overlay-type":"","overlay-color":"","overlay-opacity":"","overlay-gradient":""}},"_themeisle_gutenberg_block_has_review":false,"footnotes":""},"class_list":["post-1823","page","type-page","status-publish","hentry"],"yoast_head":"<!-- This site is optimized with the Yoast SEO plugin v27.4 - https:\/\/yoast.com\/product\/yoast-seo-wordpress\/ -->\n<title>Internet mobile -<\/title>\n<meta name=\"description\" content=\"Nos solutions int\u00e8grent des volumes de data allant de 1Go \u00e0 illimit\u00e9, des forfaits 4G et 5G pour r\u00e9pondre \u00e0 toutes vos exigences.\" \/>\n<meta name=\"robots\" content=\"index, follow, max-snippet:-1, max-image-preview:large, max-video-preview:-1\" \/>\n<link rel=\"canonical\" href=\"https:\/\/general-transmission.fr\/index.php\/internet-mobile\/\" \/>\n<meta property=\"og:locale\" content=\"fr_FR\" \/>\n<meta property=\"og:type\" content=\"article\" \/>\n<meta property=\"og:title\" content=\"Internet mobile -\" \/>\n<meta property=\"og:description\" content=\"Nos solutions int\u00e8grent des volumes de data allant de 1Go \u00e0 illimit\u00e9, des forfaits 4G et 5G pour r\u00e9pondre \u00e0 toutes vos exigences.\" \/>\n<meta property=\"og:url\" content=\"https:\/\/general-transmission.fr\/index.php\/internet-mobile\/\" \/>\n<meta property=\"article:modified_time\" content=\"2024-06-26T14:24:35+00:00\" \/>\n<meta property=\"og:image\" content=\"https:\/\/general-transmission.fr\/wp-content\/uploads\/2024\/04\/5g-arrive-bientot-france-reseau-mobile.jpg\" \/>\n<meta name=\"twitter:card\" content=\"summary_large_image\" \/>\n<meta name=\"twitter:label1\" content=\"Dur\u00e9e de lecture estim\u00e9e\" \/>\n\t<meta name=\"twitter:data1\" content=\"2 minutes\" \/>\n<script type=\"application\/ld+json\" class=\"yoast-schema-graph\">{\"@context\":\"https:\\\/\\\/schema.org\",\"@graph\":[{\"@type\":\"Article\",\"@id\":\"https:\\\/\\\/general-transmission.fr\\\/index.php\\\/internet-mobile\\\/#article\",\"isPartOf\":{\"@id\":\"https:\\\/\\\/general-transmission.fr\\\/index.php\\\/internet-mobile\\\/\"},\"author\":{\"name\":\"admin9333\",\"@id\":\"https:\\\/\\\/general-transmission.fr\\\/#\\\/schema\\\/person\\\/934fe62cb3379d5561fd589c4b3fc398\"},\"headline\":\"Internet mobile\",\"datePublished\":\"2024-04-15T09:09:46+00:00\",\"dateModified\":\"2024-06-26T14:24:35+00:00\",\"mainEntityOfPage\":{\"@id\":\"https:\\\/\\\/general-transmission.fr\\\/index.php\\\/internet-mobile\\\/\"},\"wordCount\":158,\"publisher\":{\"@id\":\"https:\\\/\\\/general-transmission.fr\\\/#organization\"},\"image\":{\"@id\":\"https:\\\/\\\/general-transmission.fr\\\/index.php\\\/internet-mobile\\\/#primaryimage\"},\"thumbnailUrl\":\"https:\\\/\\\/general-transmission.fr\\\/wp-content\\\/uploads\\\/2024\\\/04\\\/5g-arrive-bientot-france-reseau-mobile.jpg\",\"inLanguage\":\"fr-FR\"},{\"@type\":\"WebPage\",\"@id\":\"https:\\\/\\\/general-transmission.fr\\\/index.php\\\/internet-mobile\\\/\",\"url\":\"https:\\\/\\\/general-transmission.fr\\\/index.php\\\/internet-mobile\\\/\",\"name\":\"Internet mobile -\",\"isPartOf\":{\"@id\":\"https:\\\/\\\/general-transmission.fr\\\/#website\"},\"primaryImageOfPage\":{\"@id\":\"https:\\\/\\\/general-transmission.fr\\\/index.php\\\/internet-mobile\\\/#primaryimage\"},\"image\":{\"@id\":\"https:\\\/\\\/general-transmission.fr\\\/index.php\\\/internet-mobile\\\/#primaryimage\"},\"thumbnailUrl\":\"https:\\\/\\\/general-transmission.fr\\\/wp-content\\\/uploads\\\/2024\\\/04\\\/5g-arrive-bientot-france-reseau-mobile.jpg\",\"datePublished\":\"2024-04-15T09:09:46+00:00\",\"dateModified\":\"2024-06-26T14:24:35+00:00\",\"description\":\"Nos solutions int\u00e8grent des volumes de data allant de 1Go \u00e0 illimit\u00e9, des forfaits 4G et 5G pour r\u00e9pondre \u00e0 toutes vos exigences.\",\"breadcrumb\":{\"@id\":\"https:\\\/\\\/general-transmission.fr\\\/index.php\\\/internet-mobile\\\/#breadcrumb\"},\"inLanguage\":\"fr-FR\",\"potentialAction\":[{\"@type\":\"ReadAction\",\"target\":[\"https:\\\/\\\/general-transmission.fr\\\/index.php\\\/internet-mobile\\\/\"]}]},{\"@type\":\"ImageObject\",\"inLanguage\":\"fr-FR\",\"@id\":\"https:\\\/\\\/general-transmission.fr\\\/index.php\\\/internet-mobile\\\/#primaryimage\",\"url\":\"https:\\\/\\\/general-transmission.fr\\\/wp-content\\\/uploads\\\/2024\\\/04\\\/5g-arrive-bientot-france-reseau-mobile.jpg\",\"contentUrl\":\"https:\\\/\\\/general-transmission.fr\\\/wp-content\\\/uploads\\\/2024\\\/04\\\/5g-arrive-bientot-france-reseau-mobile.jpg\",\"width\":1200,\"height\":900,\"caption\":\"5G network on smartphone and IOT internet of things with flying Icons concept. vector\"},{\"@type\":\"BreadcrumbList\",\"@id\":\"https:\\\/\\\/general-transmission.fr\\\/index.php\\\/internet-mobile\\\/#breadcrumb\",\"itemListElement\":[{\"@type\":\"ListItem\",\"position\":1,\"name\":\"Accueil\",\"item\":\"https:\\\/\\\/general-transmission.fr\\\/\"},{\"@type\":\"ListItem\",\"position\":2,\"name\":\"Internet mobile\"}]},{\"@type\":\"WebSite\",\"@id\":\"https:\\\/\\\/general-transmission.fr\\\/#website\",\"url\":\"https:\\\/\\\/general-transmission.fr\\\/\",\"name\":\"G\u00e9n\u00e9ral Transmission\",\"description\":\"\",\"publisher\":{\"@id\":\"https:\\\/\\\/general-transmission.fr\\\/#organization\"},\"potentialAction\":[{\"@type\":\"SearchAction\",\"target\":{\"@type\":\"EntryPoint\",\"urlTemplate\":\"https:\\\/\\\/general-transmission.fr\\\/?s={search_term_string}\"},\"query-input\":{\"@type\":\"PropertyValueSpecification\",\"valueRequired\":true,\"valueName\":\"search_term_string\"}}],\"inLanguage\":\"fr-FR\"},{\"@type\":\"Organization\",\"@id\":\"https:\\\/\\\/general-transmission.fr\\\/#organization\",\"name\":\"G\u00e9n\u00e9ral Transmission\",\"url\":\"https:\\\/\\\/general-transmission.fr\\\/\",\"logo\":{\"@type\":\"ImageObject\",\"inLanguage\":\"fr-FR\",\"@id\":\"https:\\\/\\\/general-transmission.fr\\\/#\\\/schema\\\/logo\\\/image\\\/\",\"url\":\"https:\\\/\\\/general-transmission.fr\\\/wp-content\\\/uploads\\\/2020\\\/04\\\/logo-gt.jpg\",\"contentUrl\":\"https:\\\/\\\/general-transmission.fr\\\/wp-content\\\/uploads\\\/2020\\\/04\\\/logo-gt.jpg\",\"width\":223,\"height\":69,\"caption\":\"G\u00e9n\u00e9ral Transmission\"},\"image\":{\"@id\":\"https:\\\/\\\/general-transmission.fr\\\/#\\\/schema\\\/logo\\\/image\\\/\"}},{\"@type\":\"Person\",\"@id\":\"https:\\\/\\\/general-transmission.fr\\\/#\\\/schema\\\/person\\\/934fe62cb3379d5561fd589c4b3fc398\",\"name\":\"admin9333\",\"image\":{\"@type\":\"ImageObject\",\"inLanguage\":\"fr-FR\",\"@id\":\"https:\\\/\\\/secure.gravatar.com\\\/avatar\\\/bee0aa6b5ea460921dca508929c7ccd8b4a9ed2d7aa7517a7a150f8ae0e7acaf?s=96&d=mm&r=g\",\"url\":\"https:\\\/\\\/secure.gravatar.com\\\/avatar\\\/bee0aa6b5ea460921dca508929c7ccd8b4a9ed2d7aa7517a7a150f8ae0e7acaf?s=96&d=mm&r=g\",\"contentUrl\":\"https:\\\/\\\/secure.gravatar.com\\\/avatar\\\/bee0aa6b5ea460921dca508929c7ccd8b4a9ed2d7aa7517a7a150f8ae0e7acaf?s=96&d=mm&r=g\",\"caption\":\"admin9333\"},\"url\":\"https:\\\/\\\/general-transmission.fr\\\/index.php\\\/author\\\/admin9333\\\/\"}]}<\/script>\n<!-- \/ Yoast SEO plugin. -->","yoast_head_json":{"title":"Internet mobile -","description":"Nos solutions int\u00e8grent des volumes de data allant de 1Go \u00e0 illimit\u00e9, des forfaits 4G et 5G pour r\u00e9pondre \u00e0 toutes vos exigences.","robots":{"index":"index","follow":"follow","max-snippet":"max-snippet:-1","max-image-preview":"max-image-preview:large","max-video-preview":"max-video-preview:-1"},"canonical":"https:\/\/general-transmission.fr\/index.php\/internet-mobile\/","og_locale":"fr_FR","og_type":"article","og_title":"Internet mobile -","og_description":"Nos solutions int\u00e8grent des volumes de data allant de 1Go \u00e0 illimit\u00e9, des forfaits 4G et 5G pour r\u00e9pondre \u00e0 toutes vos exigences.","og_url":"https:\/\/general-transmission.fr\/index.php\/internet-mobile\/","article_modified_time":"2024-06-26T14:24:35+00:00","og_image":[{"url":"https:\/\/general-transmission.fr\/wp-content\/uploads\/2024\/04\/5g-arrive-bientot-france-reseau-mobile.jpg","type":"","width":"","height":""}],"twitter_card":"summary_large_image","twitter_misc":{"Dur\u00e9e de lecture estim\u00e9e":"2 minutes"},"schema":{"@context":"https:\/\/schema.org","@graph":[{"@type":"Article","@id":"https:\/\/general-transmission.fr\/index.php\/internet-mobile\/#article","isPartOf":{"@id":"https:\/\/general-transmission.fr\/index.php\/internet-mobile\/"},"author":{"name":"admin9333","@id":"https:\/\/general-transmission.fr\/#\/schema\/person\/934fe62cb3379d5561fd589c4b3fc398"},"headline":"Internet mobile","datePublished":"2024-04-15T09:09:46+00:00","dateModified":"2024-06-26T14:24:35+00:00","mainEntityOfPage":{"@id":"https:\/\/general-transmission.fr\/index.php\/internet-mobile\/"},"wordCount":158,"publisher":{"@id":"https:\/\/general-transmission.fr\/#organization"},"image":{"@id":"https:\/\/general-transmission.fr\/index.php\/internet-mobile\/#primaryimage"},"thumbnailUrl":"https:\/\/general-transmission.fr\/wp-content\/uploads\/2024\/04\/5g-arrive-bientot-france-reseau-mobile.jpg","inLanguage":"fr-FR"},{"@type":"WebPage","@id":"https:\/\/general-transmission.fr\/index.php\/internet-mobile\/","url":"https:\/\/general-transmission.fr\/index.php\/internet-mobile\/","name":"Internet mobile -","isPartOf":{"@id":"https:\/\/general-transmission.fr\/#website"},"primaryImageOfPage":{"@id":"https:\/\/general-transmission.fr\/index.php\/internet-mobile\/#primaryimage"},"image":{"@id":"https:\/\/general-transmission.fr\/index.php\/internet-mobile\/#primaryimage"},"thumbnailUrl":"https:\/\/general-transmission.fr\/wp-content\/uploads\/2024\/04\/5g-arrive-bientot-france-reseau-mobile.jpg","datePublished":"2024-04-15T09:09:46+00:00","dateModified":"2024-06-26T14:24:35+00:00","description":"Nos solutions int\u00e8grent des volumes de data allant de 1Go \u00e0 illimit\u00e9, des forfaits 4G et 5G pour r\u00e9pondre \u00e0 toutes vos exigences.","breadcrumb":{"@id":"https:\/\/general-transmission.fr\/index.php\/internet-mobile\/#breadcrumb"},"inLanguage":"fr-FR","potentialAction":[{"@type":"ReadAction","target":["https:\/\/general-transmission.fr\/index.php\/internet-mobile\/"]}]},{"@type":"ImageObject","inLanguage":"fr-FR","@id":"https:\/\/general-transmission.fr\/index.php\/internet-mobile\/#primaryimage","url":"https:\/\/general-transmission.fr\/wp-content\/uploads\/2024\/04\/5g-arrive-bientot-france-reseau-mobile.jpg","contentUrl":"https:\/\/general-transmission.fr\/wp-content\/uploads\/2024\/04\/5g-arrive-bientot-france-reseau-mobile.jpg","width":1200,"height":900,"caption":"5G network on smartphone and IOT internet of things with flying Icons concept. vector"},{"@type":"BreadcrumbList","@id":"https:\/\/general-transmission.fr\/index.php\/internet-mobile\/#breadcrumb","itemListElement":[{"@type":"ListItem","position":1,"name":"Accueil","item":"https:\/\/general-transmission.fr\/"},{"@type":"ListItem","position":2,"name":"Internet mobile"}]},{"@type":"WebSite","@id":"https:\/\/general-transmission.fr\/#website","url":"https:\/\/general-transmission.fr\/","name":"G\u00e9n\u00e9ral Transmission","description":"","publisher":{"@id":"https:\/\/general-transmission.fr\/#organization"},"potentialAction":[{"@type":"SearchAction","target":{"@type":"EntryPoint","urlTemplate":"https:\/\/general-transmission.fr\/?s={search_term_string}"},"query-input":{"@type":"PropertyValueSpecification","valueRequired":true,"valueName":"search_term_string"}}],"inLanguage":"fr-FR"},{"@type":"Organization","@id":"https:\/\/general-transmission.fr\/#organization","name":"G\u00e9n\u00e9ral Transmission","url":"https:\/\/general-transmission.fr\/","logo":{"@type":"ImageObject","inLanguage":"fr-FR","@id":"https:\/\/general-transmission.fr\/#\/schema\/logo\/image\/","url":"https:\/\/general-transmission.fr\/wp-content\/uploads\/2020\/04\/logo-gt.jpg","contentUrl":"https:\/\/general-transmission.fr\/wp-content\/uploads\/2020\/04\/logo-gt.jpg","width":223,"height":69,"caption":"G\u00e9n\u00e9ral Transmission"},"image":{"@id":"https:\/\/general-transmission.fr\/#\/schema\/logo\/image\/"}},{"@type":"Person","@id":"https:\/\/general-transmission.fr\/#\/schema\/person\/934fe62cb3379d5561fd589c4b3fc398","name":"admin9333","image":{"@type":"ImageObject","inLanguage":"fr-FR","@id":"https:\/\/secure.gravatar.com\/avatar\/bee0aa6b5ea460921dca508929c7ccd8b4a9ed2d7aa7517a7a150f8ae0e7acaf?s=96&d=mm&r=g","url":"https:\/\/secure.gravatar.com\/avatar\/bee0aa6b5ea460921dca508929c7ccd8b4a9ed2d7aa7517a7a150f8ae0e7acaf?s=96&d=mm&r=g","contentUrl":"https:\/\/secure.gravatar.com\/avatar\/bee0aa6b5ea460921dca508929c7ccd8b4a9ed2d7aa7517a7a150f8ae0e7acaf?s=96&d=mm&r=g","caption":"admin9333"},"url":"https:\/\/general-transmission.fr\/index.php\/author\/admin9333\/"}]}},"_links":{"self":[{"href":"https:\/\/general-transmission.fr\/index.php\/wp-json\/wp\/v2\/pages\/1823","targetHints":{"allow":["GET"]}}],"collection":[{"href":"https:\/\/general-transmission.fr\/index.php\/wp-json\/wp\/v2\/pages"}],"about":[{"href":"https:\/\/general-transmission.fr\/index.php\/wp-json\/wp\/v2\/types\/page"}],"author":[{"embeddable":true,"href":"https:\/\/general-transmission.fr\/index.php\/wp-json\/wp\/v2\/users\/1"}],"replies":[{"embeddable":true,"href":"https:\/\/general-transmission.fr\/index.php\/wp-json\/wp\/v2\/comments?post=1823"}],"version-history":[{"count":15,"href":"https:\/\/general-transmission.fr\/index.php\/wp-json\/wp\/v2\/pages\/1823\/revisions"}],"predecessor-version":[{"id":2747,"href":"https:\/\/general-transmission.fr\/index.php\/wp-json\/wp\/v2\/pages\/1823\/revisions\/2747"}],"wp:attachment":[{"href":"https:\/\/general-transmission.fr\/index.php\/wp-json\/wp\/v2\/media?parent=1823"}],"curies":[{"name":"wp","href":"https:\/\/api.w.org\/{rel}","templated":true}]}}