{"id":1571,"date":"2024-04-08T12:21:09","date_gmt":"2024-04-08T10:21:09","guid":{"rendered":"https:\/\/general-transmission.fr\/?page_id=1571"},"modified":"2025-01-09T15:29:58","modified_gmt":"2025-01-09T14:29:58","slug":"xcontactez-nous","status":"publish","type":"page","link":"https:\/\/general-transmission.fr\/index.php\/xcontactez-nous\/","title":{"rendered":"Contactez-nous"},"content":{"rendered":"\n<div style=\"height:54px\" aria-hidden=\"true\" class=\"wp-block-spacer\"><\/div>\n\n\n\n<h2 class=\"wp-block-heading animated backInLeft\">Besoin d&rsquo;\u00eatre conseill\u00e9 ?<\/h2>\n\n\n\n<h4 class=\"wp-block-heading animated backInLeft has-text-color has-link-color wp-elements-575b5406b4be5155013fe958a5f5f47f\" style=\"color:#737373\">Ecrivez-nous : nous vous r\u00e9pondons dans les 48h !<\/h4>\n\n\n\n<div class=\"wp-block-columns alignwide are-vertically-aligned-center animated bounce is-layout-flex wp-container-core-columns-is-layout-28f84493 wp-block-columns-is-layout-flex\">\n<div class=\"wp-block-column is-vertically-aligned-center is-layout-flow wp-block-column-is-layout-flow\" style=\"flex-basis:100%\">\n<h4 class=\"wp-block-heading has-text-align-center has-black-color has-text-color has-link-color wp-elements-d6914f2e93c1c048d92ad9cbcb8b9d92\" style=\"font-size:28px\">Informations pratiques<\/h4>\n\n\n\n<p class=\"has-text-align-center has-black-color has-text-color has-link-color has-medium-font-size wp-elements-aa9eae4f6ed4caf4c4927a523bef5ccd\">\ud83d\udccd\u200b Si\u00e8ge :<strong><a href=\"https:\/\/www.google.com\/maps\/place\/General+Transmission\/@45.7895817,4.8622641,17z\/data=!3m1!4b1!4m6!3m5!1s0x47f4eaba4657651b:0x1bad197fccb9e266!8m2!3d45.7895817!4d4.8622641!16s%2Fg%2F11df7k1xqh?entry=ttu\" target=\"_blank\" rel=\"noreferrer noopener\"> 23 Av. de Poumeyrol, 69300 Caluire-et-Cuire<\/a><\/strong><\/p>\n\n\n\n<p class=\"has-text-align-center has-ast-global-color-2-color has-text-color has-link-color has-medium-font-size wp-elements-87092728d23a731454a05904e685c33f\">\ud83d\udcdeT\u00e9l\u00e9phone : <a href=\"tel:0472695050\"><strong>04 72 69 50 50<\/strong><\/a><\/p>\n\n\n\n<p class=\"has-text-align-center has-ast-global-color-7-color has-text-color has-link-color has-medium-font-size wp-elements-a2926f27f451987beabc3801f3456d02\">\ud83d\udce7 E-mail : <strong><a href=\"mailto:contact@general-transmissions.fr\" target=\"_blank\" rel=\"noreferrer noopener\">contact@general-transmissions.fr<\/a><\/strong><\/p>\n\n\n\t\t<div\n            id=\"wpmapblock_4a9d5ce8\"\n            data-settings='{&quot;map_marker&quot;:[{&quot;lat&quot;:&quot;45.789783801529&quot;,&quot;lng&quot;:&quot;4.862254858017&quot;,&quot;title&quot;:&quot;&quot;,&quot;content&quot;:&quot;&quot;,&quot;iconType&quot;:&quot;default&quot;,&quot;customIconUrl&quot;:&quot;&quot;,&quot;customIconWidth&quot;:&quot;25&quot;,&quot;customIconHeight&quot;:&quot;40&quot;}],&quot;map_zoom&quot;:&quot;13&quot;,&quot;scroll_wheel_zoom&quot;:false,&quot;map_type&quot;:&quot;GM&quot;,&quot;center_index&quot;:0}'\n            class=\"wpmapblockrender\"\n            style=\"\n\t\t\twidth: 100%;\n\t\t\theight: 640px;\n\t\t\"\n            >\n        <\/div>\n        <\/div>\n<\/div>\n\n\n\n<div style=\"height:64px\" aria-hidden=\"true\" class=\"wp-block-spacer\"><\/div>\n","protected":false},"excerpt":{"rendered":"<p>Besoin d&rsquo;\u00eatre conseill\u00e9 ? Ecrivez-nous : nous vous r\u00e9pondons dans les 48h ! Informations pratiques \ud83d\udccd\u200b Si\u00e8ge : 23 Av. [&hellip;]<\/p>\n","protected":false},"author":1,"featured_media":0,"parent":0,"menu_order":0,"comment_status":"closed","ping_status":"closed","template":"","meta":{"site-sidebar-layout":"default","site-content-layout":"","ast-site-content-layout":"default","site-content-style":"default","site-sidebar-style":"default","ast-global-header-display":"","ast-banner-title-visibility":"","ast-main-header-display":"","ast-hfb-above-header-display":"","ast-hfb-below-header-display":"","ast-hfb-mobile-header-display":"","site-post-title":"disabled","ast-breadcrumbs-content":"","ast-featured-img":"","footer-sml-layout":"","theme-transparent-header-meta":"","adv-header-id-meta":"","stick-header-meta":"","header-above-stick-meta":"","header-main-stick-meta":"","header-below-stick-meta":"","astra-migrate-meta-layouts":"default","ast-page-background-enabled":"default","ast-page-background-meta":{"desktop":{"background-color":"var(--ast-global-color-4)","background-image":"","background-repeat":"repeat","background-position":"center center","background-size":"auto","background-attachment":"scroll","background-type":"","background-media":"","overlay-type":"","overlay-color":"","overlay-opacity":"","overlay-gradient":""},"tablet":{"background-color":"","background-image":"","background-repeat":"repeat","background-position":"center center","background-size":"auto","background-attachment":"scroll","background-type":"","background-media":"","overlay-type":"","overlay-color":"","overlay-opacity":"","overlay-gradient":""},"mobile":{"background-color":"","background-image":"","background-repeat":"repeat","background-position":"center center","background-size":"auto","background-attachment":"scroll","background-type":"","background-media":"","overlay-type":"","overlay-color":"","overlay-opacity":"","overlay-gradient":""}},"ast-content-background-meta":{"desktop":{"background-color":"var(--ast-global-color-5)","background-image":"","background-repeat":"repeat","background-position":"center center","background-size":"auto","background-attachment":"scroll","background-type":"","background-media":"","overlay-type":"","overlay-color":"","overlay-opacity":"","overlay-gradient":""},"tablet":{"background-color":"var(--ast-global-color-5)","background-image":"","background-repeat":"repeat","background-position":"center center","background-size":"auto","background-attachment":"scroll","background-type":"","background-media":"","overlay-type":"","overlay-color":"","overlay-opacity":"","overlay-gradient":""},"mobile":{"background-color":"var(--ast-global-color-5)","background-image":"","background-repeat":"repeat","background-position":"center center","background-size":"auto","background-attachment":"scroll","background-type":"","background-media":"","overlay-type":"","overlay-color":"","overlay-opacity":"","overlay-gradient":""}},"_themeisle_gutenberg_block_has_review":false,"footnotes":""},"class_list":["post-1571","page","type-page","status-publish","hentry"],"yoast_head":"<!-- This site is optimized with the Yoast SEO plugin v27.5 - https:\/\/yoast.com\/product\/yoast-seo-wordpress\/ -->\n<title>Contactez-nous -<\/title>\n<meta name=\"description\" content=\"Ecrivez-nous : nous vous r\u00e9pondons dans les 48h ! Contactez notre \u00e9quipe et nous r\u00e9pondrons \u00e0 votre demande au plus vite.\" \/>\n<meta name=\"robots\" content=\"index, follow, max-snippet:-1, max-image-preview:large, max-video-preview:-1\" \/>\n<link rel=\"canonical\" href=\"https:\/\/general-transmission.fr\/index.php\/xcontactez-nous\/\" \/>\n<meta property=\"og:locale\" content=\"fr_FR\" \/>\n<meta property=\"og:type\" content=\"article\" \/>\n<meta property=\"og:title\" content=\"Contactez-nous -\" \/>\n<meta property=\"og:description\" content=\"Ecrivez-nous : nous vous r\u00e9pondons dans les 48h ! Contactez notre \u00e9quipe et nous r\u00e9pondrons \u00e0 votre demande au plus vite.\" \/>\n<meta property=\"og:url\" content=\"https:\/\/general-transmission.fr\/index.php\/xcontactez-nous\/\" \/>\n<meta property=\"article:modified_time\" content=\"2025-01-09T14:29:58+00:00\" \/>\n<meta name=\"twitter:card\" content=\"summary_large_image\" \/>\n<meta name=\"twitter:label1\" content=\"Dur\u00e9e de lecture estim\u00e9e\" \/>\n\t<meta name=\"twitter:data1\" content=\"1 minute\" \/>\n<script type=\"application\/ld+json\" class=\"yoast-schema-graph\">{\"@context\":\"https:\\\/\\\/schema.org\",\"@graph\":[{\"@type\":\"Article\",\"@id\":\"https:\\\/\\\/general-transmission.fr\\\/index.php\\\/xcontactez-nous\\\/#article\",\"isPartOf\":{\"@id\":\"https:\\\/\\\/general-transmission.fr\\\/index.php\\\/xcontactez-nous\\\/\"},\"author\":{\"name\":\"admin9333\",\"@id\":\"https:\\\/\\\/general-transmission.fr\\\/#\\\/schema\\\/person\\\/934fe62cb3379d5561fd589c4b3fc398\"},\"headline\":\"Contactez-nous\",\"datePublished\":\"2024-04-08T10:21:09+00:00\",\"dateModified\":\"2025-01-09T14:29:58+00:00\",\"mainEntityOfPage\":{\"@id\":\"https:\\\/\\\/general-transmission.fr\\\/index.php\\\/xcontactez-nous\\\/\"},\"wordCount\":28,\"publisher\":{\"@id\":\"https:\\\/\\\/general-transmission.fr\\\/#organization\"},\"inLanguage\":\"fr-FR\"},{\"@type\":\"WebPage\",\"@id\":\"https:\\\/\\\/general-transmission.fr\\\/index.php\\\/xcontactez-nous\\\/\",\"url\":\"https:\\\/\\\/general-transmission.fr\\\/index.php\\\/xcontactez-nous\\\/\",\"name\":\"Contactez-nous -\",\"isPartOf\":{\"@id\":\"https:\\\/\\\/general-transmission.fr\\\/#website\"},\"datePublished\":\"2024-04-08T10:21:09+00:00\",\"dateModified\":\"2025-01-09T14:29:58+00:00\",\"description\":\"Ecrivez-nous : nous vous r\u00e9pondons dans les 48h ! Contactez notre \u00e9quipe et nous r\u00e9pondrons \u00e0 votre demande au plus vite.\",\"breadcrumb\":{\"@id\":\"https:\\\/\\\/general-transmission.fr\\\/index.php\\\/xcontactez-nous\\\/#breadcrumb\"},\"inLanguage\":\"fr-FR\",\"potentialAction\":[{\"@type\":\"ReadAction\",\"target\":[\"https:\\\/\\\/general-transmission.fr\\\/index.php\\\/xcontactez-nous\\\/\"]}]},{\"@type\":\"BreadcrumbList\",\"@id\":\"https:\\\/\\\/general-transmission.fr\\\/index.php\\\/xcontactez-nous\\\/#breadcrumb\",\"itemListElement\":[{\"@type\":\"ListItem\",\"position\":1,\"name\":\"Accueil\",\"item\":\"https:\\\/\\\/general-transmission.fr\\\/\"},{\"@type\":\"ListItem\",\"position\":2,\"name\":\"Contactez-nous\"}]},{\"@type\":\"WebSite\",\"@id\":\"https:\\\/\\\/general-transmission.fr\\\/#website\",\"url\":\"https:\\\/\\\/general-transmission.fr\\\/\",\"name\":\"G\u00e9n\u00e9ral Transmission\",\"description\":\"\",\"publisher\":{\"@id\":\"https:\\\/\\\/general-transmission.fr\\\/#organization\"},\"potentialAction\":[{\"@type\":\"SearchAction\",\"target\":{\"@type\":\"EntryPoint\",\"urlTemplate\":\"https:\\\/\\\/general-transmission.fr\\\/?s={search_term_string}\"},\"query-input\":{\"@type\":\"PropertyValueSpecification\",\"valueRequired\":true,\"valueName\":\"search_term_string\"}}],\"inLanguage\":\"fr-FR\"},{\"@type\":\"Organization\",\"@id\":\"https:\\\/\\\/general-transmission.fr\\\/#organization\",\"name\":\"G\u00e9n\u00e9ral Transmission\",\"url\":\"https:\\\/\\\/general-transmission.fr\\\/\",\"logo\":{\"@type\":\"ImageObject\",\"inLanguage\":\"fr-FR\",\"@id\":\"https:\\\/\\\/general-transmission.fr\\\/#\\\/schema\\\/logo\\\/image\\\/\",\"url\":\"https:\\\/\\\/general-transmission.fr\\\/wp-content\\\/uploads\\\/2020\\\/04\\\/logo-gt.jpg\",\"contentUrl\":\"https:\\\/\\\/general-transmission.fr\\\/wp-content\\\/uploads\\\/2020\\\/04\\\/logo-gt.jpg\",\"width\":223,\"height\":69,\"caption\":\"G\u00e9n\u00e9ral Transmission\"},\"image\":{\"@id\":\"https:\\\/\\\/general-transmission.fr\\\/#\\\/schema\\\/logo\\\/image\\\/\"}},{\"@type\":\"Person\",\"@id\":\"https:\\\/\\\/general-transmission.fr\\\/#\\\/schema\\\/person\\\/934fe62cb3379d5561fd589c4b3fc398\",\"name\":\"admin9333\",\"image\":{\"@type\":\"ImageObject\",\"inLanguage\":\"fr-FR\",\"@id\":\"https:\\\/\\\/secure.gravatar.com\\\/avatar\\\/bee0aa6b5ea460921dca508929c7ccd8b4a9ed2d7aa7517a7a150f8ae0e7acaf?s=96&d=mm&r=g\",\"url\":\"https:\\\/\\\/secure.gravatar.com\\\/avatar\\\/bee0aa6b5ea460921dca508929c7ccd8b4a9ed2d7aa7517a7a150f8ae0e7acaf?s=96&d=mm&r=g\",\"contentUrl\":\"https:\\\/\\\/secure.gravatar.com\\\/avatar\\\/bee0aa6b5ea460921dca508929c7ccd8b4a9ed2d7aa7517a7a150f8ae0e7acaf?s=96&d=mm&r=g\",\"caption\":\"admin9333\"},\"url\":\"https:\\\/\\\/general-transmission.fr\\\/index.php\\\/author\\\/admin9333\\\/\"}]}<\/script>\n<!-- \/ Yoast SEO plugin. -->","yoast_head_json":{"title":"Contactez-nous -","description":"Ecrivez-nous : nous vous r\u00e9pondons dans les 48h ! Contactez notre \u00e9quipe et nous r\u00e9pondrons \u00e0 votre demande au plus vite.","robots":{"index":"index","follow":"follow","max-snippet":"max-snippet:-1","max-image-preview":"max-image-preview:large","max-video-preview":"max-video-preview:-1"},"canonical":"https:\/\/general-transmission.fr\/index.php\/xcontactez-nous\/","og_locale":"fr_FR","og_type":"article","og_title":"Contactez-nous -","og_description":"Ecrivez-nous : nous vous r\u00e9pondons dans les 48h ! Contactez notre \u00e9quipe et nous r\u00e9pondrons \u00e0 votre demande au plus vite.","og_url":"https:\/\/general-transmission.fr\/index.php\/xcontactez-nous\/","article_modified_time":"2025-01-09T14:29:58+00:00","twitter_card":"summary_large_image","twitter_misc":{"Dur\u00e9e de lecture estim\u00e9e":"1 minute"},"schema":{"@context":"https:\/\/schema.org","@graph":[{"@type":"Article","@id":"https:\/\/general-transmission.fr\/index.php\/xcontactez-nous\/#article","isPartOf":{"@id":"https:\/\/general-transmission.fr\/index.php\/xcontactez-nous\/"},"author":{"name":"admin9333","@id":"https:\/\/general-transmission.fr\/#\/schema\/person\/934fe62cb3379d5561fd589c4b3fc398"},"headline":"Contactez-nous","datePublished":"2024-04-08T10:21:09+00:00","dateModified":"2025-01-09T14:29:58+00:00","mainEntityOfPage":{"@id":"https:\/\/general-transmission.fr\/index.php\/xcontactez-nous\/"},"wordCount":28,"publisher":{"@id":"https:\/\/general-transmission.fr\/#organization"},"inLanguage":"fr-FR"},{"@type":"WebPage","@id":"https:\/\/general-transmission.fr\/index.php\/xcontactez-nous\/","url":"https:\/\/general-transmission.fr\/index.php\/xcontactez-nous\/","name":"Contactez-nous -","isPartOf":{"@id":"https:\/\/general-transmission.fr\/#website"},"datePublished":"2024-04-08T10:21:09+00:00","dateModified":"2025-01-09T14:29:58+00:00","description":"Ecrivez-nous : nous vous r\u00e9pondons dans les 48h ! Contactez notre \u00e9quipe et nous r\u00e9pondrons \u00e0 votre demande au plus vite.","breadcrumb":{"@id":"https:\/\/general-transmission.fr\/index.php\/xcontactez-nous\/#breadcrumb"},"inLanguage":"fr-FR","potentialAction":[{"@type":"ReadAction","target":["https:\/\/general-transmission.fr\/index.php\/xcontactez-nous\/"]}]},{"@type":"BreadcrumbList","@id":"https:\/\/general-transmission.fr\/index.php\/xcontactez-nous\/#breadcrumb","itemListElement":[{"@type":"ListItem","position":1,"name":"Accueil","item":"https:\/\/general-transmission.fr\/"},{"@type":"ListItem","position":2,"name":"Contactez-nous"}]},{"@type":"WebSite","@id":"https:\/\/general-transmission.fr\/#website","url":"https:\/\/general-transmission.fr\/","name":"G\u00e9n\u00e9ral Transmission","description":"","publisher":{"@id":"https:\/\/general-transmission.fr\/#organization"},"potentialAction":[{"@type":"SearchAction","target":{"@type":"EntryPoint","urlTemplate":"https:\/\/general-transmission.fr\/?s={search_term_string}"},"query-input":{"@type":"PropertyValueSpecification","valueRequired":true,"valueName":"search_term_string"}}],"inLanguage":"fr-FR"},{"@type":"Organization","@id":"https:\/\/general-transmission.fr\/#organization","name":"G\u00e9n\u00e9ral Transmission","url":"https:\/\/general-transmission.fr\/","logo":{"@type":"ImageObject","inLanguage":"fr-FR","@id":"https:\/\/general-transmission.fr\/#\/schema\/logo\/image\/","url":"https:\/\/general-transmission.fr\/wp-content\/uploads\/2020\/04\/logo-gt.jpg","contentUrl":"https:\/\/general-transmission.fr\/wp-content\/uploads\/2020\/04\/logo-gt.jpg","width":223,"height":69,"caption":"G\u00e9n\u00e9ral Transmission"},"image":{"@id":"https:\/\/general-transmission.fr\/#\/schema\/logo\/image\/"}},{"@type":"Person","@id":"https:\/\/general-transmission.fr\/#\/schema\/person\/934fe62cb3379d5561fd589c4b3fc398","name":"admin9333","image":{"@type":"ImageObject","inLanguage":"fr-FR","@id":"https:\/\/secure.gravatar.com\/avatar\/bee0aa6b5ea460921dca508929c7ccd8b4a9ed2d7aa7517a7a150f8ae0e7acaf?s=96&d=mm&r=g","url":"https:\/\/secure.gravatar.com\/avatar\/bee0aa6b5ea460921dca508929c7ccd8b4a9ed2d7aa7517a7a150f8ae0e7acaf?s=96&d=mm&r=g","contentUrl":"https:\/\/secure.gravatar.com\/avatar\/bee0aa6b5ea460921dca508929c7ccd8b4a9ed2d7aa7517a7a150f8ae0e7acaf?s=96&d=mm&r=g","caption":"admin9333"},"url":"https:\/\/general-transmission.fr\/index.php\/author\/admin9333\/"}]}},"_links":{"self":[{"href":"https:\/\/general-transmission.fr\/index.php\/wp-json\/wp\/v2\/pages\/1571","targetHints":{"allow":["GET"]}}],"collection":[{"href":"https:\/\/general-transmission.fr\/index.php\/wp-json\/wp\/v2\/pages"}],"about":[{"href":"https:\/\/general-transmission.fr\/index.php\/wp-json\/wp\/v2\/types\/page"}],"author":[{"embeddable":true,"href":"https:\/\/general-transmission.fr\/index.php\/wp-json\/wp\/v2\/users\/1"}],"replies":[{"embeddable":true,"href":"https:\/\/general-transmission.fr\/index.php\/wp-json\/wp\/v2\/comments?post=1571"}],"version-history":[{"count":49,"href":"https:\/\/general-transmission.fr\/index.php\/wp-json\/wp\/v2\/pages\/1571\/revisions"}],"predecessor-version":[{"id":2780,"href":"https:\/\/general-transmission.fr\/index.php\/wp-json\/wp\/v2\/pages\/1571\/revisions\/2780"}],"wp:attachment":[{"href":"https:\/\/general-transmission.fr\/index.php\/wp-json\/wp\/v2\/media?parent=1571"}],"curies":[{"name":"wp","href":"https:\/\/api.w.org\/{rel}","templated":true}]}}