{"id":1458,"date":"2024-04-02T15:58:24","date_gmt":"2024-04-02T13:58:24","guid":{"rendered":"https:\/\/general-transmission.fr\/?page_id=1458"},"modified":"2024-06-26T16:30:33","modified_gmt":"2024-06-26T14:30:33","slug":"xreseau-et-securite","status":"publish","type":"page","link":"https:\/\/general-transmission.fr\/index.php\/xreseau-et-securite\/","title":{"rendered":"R\u00e9seau et S\u00e9curit\u00e9"},"content":{"rendered":"\n<div class=\"wp-block-cover alignwide\"><span aria-hidden=\"true\" class=\"wp-block-cover__background has-background-dim\"><\/span><img loading=\"lazy\" decoding=\"async\" width=\"1024\" height=\"685\" class=\"wp-block-cover__image-background wp-image-2394\" alt=\"R\u00e9seau et S\u00e9curit\u00e9\" src=\"https:\/\/general-transmission.fr\/wp-content\/uploads\/2024\/04\/shutterstock_572690329-1-1024x685.jpg\" data-object-fit=\"cover\" srcset=\"https:\/\/general-transmission.fr\/wp-content\/uploads\/2024\/04\/shutterstock_572690329-1-1024x685.jpg 1024w, https:\/\/general-transmission.fr\/wp-content\/uploads\/2024\/04\/shutterstock_572690329-1-300x201.jpg 300w, https:\/\/general-transmission.fr\/wp-content\/uploads\/2024\/04\/shutterstock_572690329-1-768x514.jpg 768w, https:\/\/general-transmission.fr\/wp-content\/uploads\/2024\/04\/shutterstock_572690329-1-1536x1028.jpg 1536w, https:\/\/general-transmission.fr\/wp-content\/uploads\/2024\/04\/shutterstock_572690329-1-2048x1371.jpg 2048w\" sizes=\"auto, (max-width: 1024px) 100vw, 1024px\" \/><div class=\"wp-block-cover__inner-container is-layout-flow wp-block-cover-is-layout-flow\">\n<h2 class=\"wp-block-heading has-text-align-center animated fadeInDown has-large-font-size\">R\u00e9seau et S\u00e9curit\u00e9<\/h2>\n<\/div><\/div>\n\n\n\n<div style=\"height:51px\" aria-hidden=\"true\" class=\"wp-block-spacer\"><\/div>\n\n\n\n<h3 class=\"wp-block-heading has-text-align-center animated fadeInDown\">D\u00e9couvrez nos offres de R\u00e9seau et de S\u00e9curit\u00e9<\/h3>\n\n\n\n<div class=\"wp-block-columns animated fadeIn is-layout-flex wp-container-core-columns-is-layout-28f84493 wp-block-columns-is-layout-flex\">\n<div class=\"wp-block-column is-layout-flow wp-block-column-is-layout-flow\">\n<div id=\"wp-block-themeisle-blocks-font-awesome-icons-c61720f2\" class=\"wp-block-themeisle-blocks-font-awesome-icons\"><span class=\"wp-block-themeisle-blocks-font-awesome-icons-container\"><i class=\"fas fa-wifi\"><\/i><\/span><\/div>\n\n\n\n<h4 class=\"wp-block-heading has-text-align-center\">Acc\u00e8s Internet<\/h4>\n\n\n\n<p class=\"has-text-align-center\"><strong>Profitez des solutions d&rsquo;Acc\u00e8s Internet Tr\u00e8s Haut D\u00e9bit<\/strong>, l&rsquo;essor des technologies telles que la <strong>t\u00e9l\u00e9phonie IP<\/strong>, les applications <strong>Cloud<\/strong> et le <strong>travail \u00e0 distance<\/strong> accro\u00eet consid\u00e9rablement la demande en bande passante pour les entreprises. Profitez pleinement de vos solutions Cloud indispensables \u00e0 votre organisation, telles que Office 365 ou d&rsquo;autres logiciels SaaS de ressources humaines et de comptabilit\u00e9, gr\u00e2ce \u00e0 la qualit\u00e9 de connexion et au tr\u00e8s haut d\u00e9bit offerts par la <strong>Fibre Optique SFR Business.<\/strong><\/p>\n\n\n\n<p class=\"has-text-align-center\">Nos offres sont accessibles \u00e0 toutes les entreprises, avec plus de <strong>99% des sites \u00e9ligibles \u00e0 la Fibre Optique SFR <\/strong>! Nous proposons diff\u00e9rentes technologies et d\u00e9bits en fonction de vos besoins, allant<strong> de 100 Mbps \u00e0 plusieurs Giga<\/strong>.<\/p>\n\n\n\n<div id=\"wp-block-themeisle-blocks-button-group-1ea3dc13\" class=\"wp-block-themeisle-blocks-button-group wp-block-buttons align-center-desktop\">\n<div id=\"wp-block-themeisle-blocks-button-0a19f432\" class=\"wp-block-themeisle-blocks-button wp-block-button\"><a href=\"https:\/\/general-transmission.fr\/index.php\/acces-internet\/\" target=\"_self\" rel=\"noopener noreferrer\" class=\"wp-block-button__link\"><span>En savoir plus<\/span><\/a><\/div>\n<\/div>\n<\/div>\n\n\n\n<div class=\"wp-block-column is-layout-flow wp-block-column-is-layout-flow\">\n<div id=\"wp-block-themeisle-blocks-font-awesome-icons-c93ffa3a\" class=\"wp-block-themeisle-blocks-font-awesome-icons\"><span class=\"wp-block-themeisle-blocks-font-awesome-icons-container\"><i class=\"fas fa-shield-virus\"><\/i><\/span><\/div>\n\n\n\n<h4 class=\"wp-block-heading has-text-align-center\">Cybers\u00e9curit\u00e9<\/h4>\n\n\n\n<p class=\"has-text-align-center\">Chez G\u00e9n\u00e9ral Transmission, nous sommes d\u00e9vou\u00e9s \u00e0 <strong>s\u00e9curiser votre entreprise<\/strong> dans un environnement num\u00e9rique en constante \u00e9volution. En tant qu&rsquo;int\u00e9grateur <strong>SD WAN<\/strong> et partenaire de confiance de leaders de l&rsquo;industrie comme <strong>WatchGuard, Fortinet, Cisco<\/strong>, nous mettons \u00e0 votre disposition une expertise pointue en mati\u00e8re de cybers\u00e9curit\u00e9.<\/p>\n\n\n\n<p class=\"has-text-align-center\">Que vous ayez besoin de <strong>s\u00e9curiser vos connexions<\/strong>, de <strong>prot\u00e9ger votre r\u00e9seau<\/strong> ou de g\u00e9rer vos appareils mobiles, nous avons les solutions adapt\u00e9es \u00e0 votre entreprise.<\/p>\n\n\n\n<div style=\"height:53px\" aria-hidden=\"true\" class=\"wp-block-spacer\"><\/div>\n\n\n\n<div id=\"wp-block-themeisle-blocks-button-group-b6325417\" class=\"wp-block-themeisle-blocks-button-group wp-block-buttons align-center-desktop\">\n<div id=\"wp-block-themeisle-blocks-button-b124aca5\" class=\"wp-block-themeisle-blocks-button wp-block-button\"><a href=\"https:\/\/general-transmission.fr\/index.php\/cybersecurite\/\" target=\"_self\" rel=\"noopener noreferrer\" class=\"wp-block-button__link\"><span>En savoir plus<\/span><\/a><\/div>\n<\/div>\n<\/div>\n\n\n\n<div class=\"wp-block-column is-layout-flow wp-block-column-is-layout-flow\">\n<div id=\"wp-block-themeisle-blocks-font-awesome-icons-da0d5990\" class=\"wp-block-themeisle-blocks-font-awesome-icons\"><span class=\"wp-block-themeisle-blocks-font-awesome-icons-container\"><i class=\"fas fa-rss\"><\/i><\/span><\/div>\n\n\n\n<h4 class=\"wp-block-heading has-text-align-center\">BOXE 4G IP FIXE \/ M2M<\/h4>\n\n\n\n<p class=\"has-text-align-center\"><strong>Un boitier 4G+ tout-en-un<\/strong> pour un usage imm\u00e9diat. Aucun c\u00e2blage et aucune expertise n\u00e9cessaires : branchez votre&nbsp;<strong>Boitier 4G+<\/strong>&nbsp;et profitez-en imm\u00e9diatement. T\u00e9l\u00e9phonez sans contrainte gr\u00e2ce \u00e0 un forfait&nbsp;<strong>t\u00e9l\u00e9phonie illimit\u00e9e<\/strong>&nbsp;et un t\u00e9l\u00e9phone DECT inclus avec la Box 4G+. Une solution pour tous vos sites sous&nbsp;<strong>couverture 4G\/4G+<\/strong>, sans aucune restriction.<\/p>\n\n\n\n<p class=\"has-text-align-center\">General Transmission vous propose des cartes <strong>SIM (M2M et IoT)<\/strong>, sans oublier la possibilit\u00e9 d&rsquo;acqu\u00e9rir une carte SIM avec <strong>IP fixe<\/strong>. Une couverture r\u00e9seau \u00e9tendue et un portail de <strong>gestion simple pour piloter votre flotte de cartes SIM<\/strong>.<\/p>\n\n\n\n<div style=\"height:52px\" aria-hidden=\"true\" class=\"wp-block-spacer\"><\/div>\n\n\n\n<div id=\"wp-block-themeisle-blocks-button-group-5824409c\" class=\"wp-block-themeisle-blocks-button-group wp-block-buttons align-center-desktop\">\n<div id=\"wp-block-themeisle-blocks-button-145501ce\" class=\"wp-block-themeisle-blocks-button wp-block-button\"><a href=\"https:\/\/general-transmission.fr\/index.php\/m2m-ip-fixe\/\" target=\"_self\" rel=\"noopener noreferrer\" class=\"wp-block-button__link\"><span>En savoir plus<\/span><\/a><\/div>\n<\/div>\n<\/div>\n<\/div>\n\n\n\n<div style=\"height:51px\" aria-hidden=\"true\" class=\"wp-block-spacer\"><\/div>\n","protected":false},"excerpt":{"rendered":"<p>D\u00e9couvrez nos offres de R\u00e9seau et de S\u00e9curit\u00e9 Acc\u00e8s Internet Profitez des solutions d&rsquo;Acc\u00e8s Internet Tr\u00e8s Haut D\u00e9bit, l&rsquo;essor des [&hellip;]<\/p>\n","protected":false},"author":1,"featured_media":0,"parent":0,"menu_order":0,"comment_status":"closed","ping_status":"closed","template":"","meta":{"site-sidebar-layout":"default","site-content-layout":"","ast-site-content-layout":"default","site-content-style":"default","site-sidebar-style":"default","ast-global-header-display":"","ast-banner-title-visibility":"","ast-main-header-display":"","ast-hfb-above-header-display":"","ast-hfb-below-header-display":"","ast-hfb-mobile-header-display":"","site-post-title":"disabled","ast-breadcrumbs-content":"","ast-featured-img":"","footer-sml-layout":"","theme-transparent-header-meta":"","adv-header-id-meta":"","stick-header-meta":"","header-above-stick-meta":"","header-main-stick-meta":"","header-below-stick-meta":"","astra-migrate-meta-layouts":"default","ast-page-background-enabled":"default","ast-page-background-meta":{"desktop":{"background-color":"var(--ast-global-color-4)","background-image":"","background-repeat":"repeat","background-position":"center center","background-size":"auto","background-attachment":"scroll","background-type":"","background-media":"","overlay-type":"","overlay-color":"","overlay-opacity":"","overlay-gradient":""},"tablet":{"background-color":"","background-image":"","background-repeat":"repeat","background-position":"center center","background-size":"auto","background-attachment":"scroll","background-type":"","background-media":"","overlay-type":"","overlay-color":"","overlay-opacity":"","overlay-gradient":""},"mobile":{"background-color":"","background-image":"","background-repeat":"repeat","background-position":"center center","background-size":"auto","background-attachment":"scroll","background-type":"","background-media":"","overlay-type":"","overlay-color":"","overlay-opacity":"","overlay-gradient":""}},"ast-content-background-meta":{"desktop":{"background-color":"var(--ast-global-color-5)","background-image":"","background-repeat":"repeat","background-position":"center center","background-size":"auto","background-attachment":"scroll","background-type":"","background-media":"","overlay-type":"","overlay-color":"","overlay-opacity":"","overlay-gradient":""},"tablet":{"background-color":"var(--ast-global-color-5)","background-image":"","background-repeat":"repeat","background-position":"center center","background-size":"auto","background-attachment":"scroll","background-type":"","background-media":"","overlay-type":"","overlay-color":"","overlay-opacity":"","overlay-gradient":""},"mobile":{"background-color":"var(--ast-global-color-5)","background-image":"","background-repeat":"repeat","background-position":"center center","background-size":"auto","background-attachment":"scroll","background-type":"","background-media":"","overlay-type":"","overlay-color":"","overlay-opacity":"","overlay-gradient":""}},"_themeisle_gutenberg_block_has_review":false,"footnotes":""},"class_list":["post-1458","page","type-page","status-publish","hentry"],"yoast_head":"<!-- This site is optimized with the Yoast SEO plugin v27.4 - https:\/\/yoast.com\/product\/yoast-seo-wordpress\/ -->\n<title>R\u00e9seau et S\u00e9curit\u00e9 -<\/title>\n<meta name=\"description\" content=\"D\u00e9couvrez nos offres de R\u00e9seau et de S\u00e9curit\u00e9 : Acc\u00e8s Internet, Cybers\u00e9curit\u00e9 et BOXE 4G IP FIXE \/ M2M.\" \/>\n<meta name=\"robots\" content=\"index, follow, max-snippet:-1, max-image-preview:large, max-video-preview:-1\" \/>\n<link rel=\"canonical\" href=\"https:\/\/general-transmission.fr\/index.php\/xreseau-et-securite\/\" \/>\n<meta property=\"og:locale\" content=\"fr_FR\" \/>\n<meta property=\"og:type\" content=\"article\" \/>\n<meta property=\"og:title\" content=\"R\u00e9seau et S\u00e9curit\u00e9 -\" \/>\n<meta property=\"og:description\" content=\"D\u00e9couvrez nos offres de R\u00e9seau et de S\u00e9curit\u00e9 : Acc\u00e8s Internet, Cybers\u00e9curit\u00e9 et BOXE 4G IP FIXE \/ M2M.\" \/>\n<meta property=\"og:url\" content=\"https:\/\/general-transmission.fr\/index.php\/xreseau-et-securite\/\" \/>\n<meta property=\"article:modified_time\" content=\"2024-06-26T14:30:33+00:00\" \/>\n<meta property=\"og:image\" content=\"https:\/\/general-transmission.fr\/wp-content\/uploads\/2024\/04\/shutterstock_572690329-1-1024x685.jpg\" \/>\n<meta name=\"twitter:card\" content=\"summary_large_image\" \/>\n<meta name=\"twitter:label1\" content=\"Dur\u00e9e de lecture estim\u00e9e\" \/>\n\t<meta name=\"twitter:data1\" content=\"2 minutes\" \/>\n<script type=\"application\/ld+json\" class=\"yoast-schema-graph\">{\"@context\":\"https:\\\/\\\/schema.org\",\"@graph\":[{\"@type\":\"WebPage\",\"@id\":\"https:\\\/\\\/general-transmission.fr\\\/index.php\\\/xreseau-et-securite\\\/\",\"url\":\"https:\\\/\\\/general-transmission.fr\\\/index.php\\\/xreseau-et-securite\\\/\",\"name\":\"R\u00e9seau et S\u00e9curit\u00e9 -\",\"isPartOf\":{\"@id\":\"https:\\\/\\\/general-transmission.fr\\\/#website\"},\"primaryImageOfPage\":{\"@id\":\"https:\\\/\\\/general-transmission.fr\\\/index.php\\\/xreseau-et-securite\\\/#primaryimage\"},\"image\":{\"@id\":\"https:\\\/\\\/general-transmission.fr\\\/index.php\\\/xreseau-et-securite\\\/#primaryimage\"},\"thumbnailUrl\":\"https:\\\/\\\/general-transmission.fr\\\/wp-content\\\/uploads\\\/2024\\\/04\\\/shutterstock_572690329-1-1024x685.jpg\",\"datePublished\":\"2024-04-02T13:58:24+00:00\",\"dateModified\":\"2024-06-26T14:30:33+00:00\",\"description\":\"D\u00e9couvrez nos offres de R\u00e9seau et de S\u00e9curit\u00e9 : Acc\u00e8s Internet, Cybers\u00e9curit\u00e9 et BOXE 4G IP FIXE \\\/ M2M.\",\"breadcrumb\":{\"@id\":\"https:\\\/\\\/general-transmission.fr\\\/index.php\\\/xreseau-et-securite\\\/#breadcrumb\"},\"inLanguage\":\"fr-FR\",\"potentialAction\":[{\"@type\":\"ReadAction\",\"target\":[\"https:\\\/\\\/general-transmission.fr\\\/index.php\\\/xreseau-et-securite\\\/\"]}]},{\"@type\":\"ImageObject\",\"inLanguage\":\"fr-FR\",\"@id\":\"https:\\\/\\\/general-transmission.fr\\\/index.php\\\/xreseau-et-securite\\\/#primaryimage\",\"url\":\"https:\\\/\\\/general-transmission.fr\\\/wp-content\\\/uploads\\\/2024\\\/04\\\/shutterstock_572690329-1-scaled.jpg\",\"contentUrl\":\"https:\\\/\\\/general-transmission.fr\\\/wp-content\\\/uploads\\\/2024\\\/04\\\/shutterstock_572690329-1-scaled.jpg\",\"width\":2560,\"height\":1713},{\"@type\":\"BreadcrumbList\",\"@id\":\"https:\\\/\\\/general-transmission.fr\\\/index.php\\\/xreseau-et-securite\\\/#breadcrumb\",\"itemListElement\":[{\"@type\":\"ListItem\",\"position\":1,\"name\":\"Accueil\",\"item\":\"https:\\\/\\\/general-transmission.fr\\\/\"},{\"@type\":\"ListItem\",\"position\":2,\"name\":\"R\u00e9seau et S\u00e9curit\u00e9\"}]},{\"@type\":\"WebSite\",\"@id\":\"https:\\\/\\\/general-transmission.fr\\\/#website\",\"url\":\"https:\\\/\\\/general-transmission.fr\\\/\",\"name\":\"G\u00e9n\u00e9ral Transmission\",\"description\":\"\",\"publisher\":{\"@id\":\"https:\\\/\\\/general-transmission.fr\\\/#organization\"},\"potentialAction\":[{\"@type\":\"SearchAction\",\"target\":{\"@type\":\"EntryPoint\",\"urlTemplate\":\"https:\\\/\\\/general-transmission.fr\\\/?s={search_term_string}\"},\"query-input\":{\"@type\":\"PropertyValueSpecification\",\"valueRequired\":true,\"valueName\":\"search_term_string\"}}],\"inLanguage\":\"fr-FR\"},{\"@type\":\"Organization\",\"@id\":\"https:\\\/\\\/general-transmission.fr\\\/#organization\",\"name\":\"G\u00e9n\u00e9ral Transmission\",\"url\":\"https:\\\/\\\/general-transmission.fr\\\/\",\"logo\":{\"@type\":\"ImageObject\",\"inLanguage\":\"fr-FR\",\"@id\":\"https:\\\/\\\/general-transmission.fr\\\/#\\\/schema\\\/logo\\\/image\\\/\",\"url\":\"https:\\\/\\\/general-transmission.fr\\\/wp-content\\\/uploads\\\/2020\\\/04\\\/logo-gt.jpg\",\"contentUrl\":\"https:\\\/\\\/general-transmission.fr\\\/wp-content\\\/uploads\\\/2020\\\/04\\\/logo-gt.jpg\",\"width\":223,\"height\":69,\"caption\":\"G\u00e9n\u00e9ral Transmission\"},\"image\":{\"@id\":\"https:\\\/\\\/general-transmission.fr\\\/#\\\/schema\\\/logo\\\/image\\\/\"}}]}<\/script>\n<!-- \/ Yoast SEO plugin. -->","yoast_head_json":{"title":"R\u00e9seau et S\u00e9curit\u00e9 -","description":"D\u00e9couvrez nos offres de R\u00e9seau et de S\u00e9curit\u00e9 : Acc\u00e8s Internet, Cybers\u00e9curit\u00e9 et BOXE 4G IP FIXE \/ M2M.","robots":{"index":"index","follow":"follow","max-snippet":"max-snippet:-1","max-image-preview":"max-image-preview:large","max-video-preview":"max-video-preview:-1"},"canonical":"https:\/\/general-transmission.fr\/index.php\/xreseau-et-securite\/","og_locale":"fr_FR","og_type":"article","og_title":"R\u00e9seau et S\u00e9curit\u00e9 -","og_description":"D\u00e9couvrez nos offres de R\u00e9seau et de S\u00e9curit\u00e9 : Acc\u00e8s Internet, Cybers\u00e9curit\u00e9 et BOXE 4G IP FIXE \/ M2M.","og_url":"https:\/\/general-transmission.fr\/index.php\/xreseau-et-securite\/","article_modified_time":"2024-06-26T14:30:33+00:00","og_image":[{"url":"https:\/\/general-transmission.fr\/wp-content\/uploads\/2024\/04\/shutterstock_572690329-1-1024x685.jpg","type":"","width":"","height":""}],"twitter_card":"summary_large_image","twitter_misc":{"Dur\u00e9e de lecture estim\u00e9e":"2 minutes"},"schema":{"@context":"https:\/\/schema.org","@graph":[{"@type":"WebPage","@id":"https:\/\/general-transmission.fr\/index.php\/xreseau-et-securite\/","url":"https:\/\/general-transmission.fr\/index.php\/xreseau-et-securite\/","name":"R\u00e9seau et S\u00e9curit\u00e9 -","isPartOf":{"@id":"https:\/\/general-transmission.fr\/#website"},"primaryImageOfPage":{"@id":"https:\/\/general-transmission.fr\/index.php\/xreseau-et-securite\/#primaryimage"},"image":{"@id":"https:\/\/general-transmission.fr\/index.php\/xreseau-et-securite\/#primaryimage"},"thumbnailUrl":"https:\/\/general-transmission.fr\/wp-content\/uploads\/2024\/04\/shutterstock_572690329-1-1024x685.jpg","datePublished":"2024-04-02T13:58:24+00:00","dateModified":"2024-06-26T14:30:33+00:00","description":"D\u00e9couvrez nos offres de R\u00e9seau et de S\u00e9curit\u00e9 : Acc\u00e8s Internet, Cybers\u00e9curit\u00e9 et BOXE 4G IP FIXE \/ M2M.","breadcrumb":{"@id":"https:\/\/general-transmission.fr\/index.php\/xreseau-et-securite\/#breadcrumb"},"inLanguage":"fr-FR","potentialAction":[{"@type":"ReadAction","target":["https:\/\/general-transmission.fr\/index.php\/xreseau-et-securite\/"]}]},{"@type":"ImageObject","inLanguage":"fr-FR","@id":"https:\/\/general-transmission.fr\/index.php\/xreseau-et-securite\/#primaryimage","url":"https:\/\/general-transmission.fr\/wp-content\/uploads\/2024\/04\/shutterstock_572690329-1-scaled.jpg","contentUrl":"https:\/\/general-transmission.fr\/wp-content\/uploads\/2024\/04\/shutterstock_572690329-1-scaled.jpg","width":2560,"height":1713},{"@type":"BreadcrumbList","@id":"https:\/\/general-transmission.fr\/index.php\/xreseau-et-securite\/#breadcrumb","itemListElement":[{"@type":"ListItem","position":1,"name":"Accueil","item":"https:\/\/general-transmission.fr\/"},{"@type":"ListItem","position":2,"name":"R\u00e9seau et S\u00e9curit\u00e9"}]},{"@type":"WebSite","@id":"https:\/\/general-transmission.fr\/#website","url":"https:\/\/general-transmission.fr\/","name":"G\u00e9n\u00e9ral Transmission","description":"","publisher":{"@id":"https:\/\/general-transmission.fr\/#organization"},"potentialAction":[{"@type":"SearchAction","target":{"@type":"EntryPoint","urlTemplate":"https:\/\/general-transmission.fr\/?s={search_term_string}"},"query-input":{"@type":"PropertyValueSpecification","valueRequired":true,"valueName":"search_term_string"}}],"inLanguage":"fr-FR"},{"@type":"Organization","@id":"https:\/\/general-transmission.fr\/#organization","name":"G\u00e9n\u00e9ral Transmission","url":"https:\/\/general-transmission.fr\/","logo":{"@type":"ImageObject","inLanguage":"fr-FR","@id":"https:\/\/general-transmission.fr\/#\/schema\/logo\/image\/","url":"https:\/\/general-transmission.fr\/wp-content\/uploads\/2020\/04\/logo-gt.jpg","contentUrl":"https:\/\/general-transmission.fr\/wp-content\/uploads\/2020\/04\/logo-gt.jpg","width":223,"height":69,"caption":"G\u00e9n\u00e9ral Transmission"},"image":{"@id":"https:\/\/general-transmission.fr\/#\/schema\/logo\/image\/"}}]}},"_links":{"self":[{"href":"https:\/\/general-transmission.fr\/index.php\/wp-json\/wp\/v2\/pages\/1458","targetHints":{"allow":["GET"]}}],"collection":[{"href":"https:\/\/general-transmission.fr\/index.php\/wp-json\/wp\/v2\/pages"}],"about":[{"href":"https:\/\/general-transmission.fr\/index.php\/wp-json\/wp\/v2\/types\/page"}],"author":[{"embeddable":true,"href":"https:\/\/general-transmission.fr\/index.php\/wp-json\/wp\/v2\/users\/1"}],"replies":[{"embeddable":true,"href":"https:\/\/general-transmission.fr\/index.php\/wp-json\/wp\/v2\/comments?post=1458"}],"version-history":[{"count":14,"href":"https:\/\/general-transmission.fr\/index.php\/wp-json\/wp\/v2\/pages\/1458\/revisions"}],"predecessor-version":[{"id":2750,"href":"https:\/\/general-transmission.fr\/index.php\/wp-json\/wp\/v2\/pages\/1458\/revisions\/2750"}],"wp:attachment":[{"href":"https:\/\/general-transmission.fr\/index.php\/wp-json\/wp\/v2\/media?parent=1458"}],"curies":[{"name":"wp","href":"https:\/\/api.w.org\/{rel}","templated":true}]}}