{"id":1452,"date":"2024-04-02T15:56:42","date_gmt":"2024-04-02T13:56:42","guid":{"rendered":"https:\/\/general-transmission.fr\/?page_id=1452"},"modified":"2024-06-26T16:03:33","modified_gmt":"2024-06-26T14:03:33","slug":"xcommunication-et-collaboration","status":"publish","type":"page","link":"https:\/\/general-transmission.fr\/index.php\/xcommunication-et-collaboration\/","title":{"rendered":"Communication et Collaboration"},"content":{"rendered":"\n<div class=\"wp-block-cover alignwide\"><span aria-hidden=\"true\" class=\"wp-block-cover__background has-background-dim\"><\/span><img loading=\"lazy\" decoding=\"async\" width=\"1024\" height=\"808\" class=\"wp-block-cover__image-background wp-image-2345\" alt=\"Communication et Collaboration\" src=\"https:\/\/general-transmission.fr\/wp-content\/uploads\/2024\/04\/20140818_Mooc_Reseaux_mobile-1024x808.jpg\" style=\"object-position:53% 53%\" data-object-fit=\"cover\" data-object-position=\"53% 53%\" srcset=\"https:\/\/general-transmission.fr\/wp-content\/uploads\/2024\/04\/20140818_Mooc_Reseaux_mobile-1024x808.jpg 1024w, https:\/\/general-transmission.fr\/wp-content\/uploads\/2024\/04\/20140818_Mooc_Reseaux_mobile-300x237.jpg 300w, https:\/\/general-transmission.fr\/wp-content\/uploads\/2024\/04\/20140818_Mooc_Reseaux_mobile-768x606.jpg 768w, https:\/\/general-transmission.fr\/wp-content\/uploads\/2024\/04\/20140818_Mooc_Reseaux_mobile-1536x1212.jpg 1536w, https:\/\/general-transmission.fr\/wp-content\/uploads\/2024\/04\/20140818_Mooc_Reseaux_mobile.jpg 1552w\" sizes=\"auto, (max-width: 1024px) 100vw, 1024px\" \/><div class=\"wp-block-cover__inner-container is-layout-flow wp-block-cover-is-layout-flow\">\n<h2 class=\"wp-block-heading has-text-align-center animated fadeInDown has-large-font-size\">Communication et Collaboration<\/h2>\n<\/div><\/div>\n\n\n\n<div style=\"height:49px\" aria-hidden=\"true\" class=\"wp-block-spacer\"><\/div>\n\n\n\n<h3 class=\"wp-block-heading has-text-align-center\">D\u00e9couvrez nos offres de Communication et de Collaboration<\/h3>\n\n\n\n<div class=\"wp-block-columns is-layout-flex wp-container-core-columns-is-layout-28f84493 wp-block-columns-is-layout-flex\">\n<div class=\"wp-block-column animated fadeInLeft is-layout-flow wp-block-column-is-layout-flow\">\n<div style=\"height:0px\" aria-hidden=\"true\" class=\"wp-block-spacer\"><\/div>\n\n\n\n<div id=\"wp-block-themeisle-blocks-font-awesome-icons-6faf70ca\" class=\"wp-block-themeisle-blocks-font-awesome-icons\"><span class=\"wp-block-themeisle-blocks-font-awesome-icons-container nan-padding\"><i class=\"fas fa-phone-alt\"><\/i><\/span><\/div>\n\n\n\n<div style=\"height:5px\" aria-hidden=\"true\" class=\"wp-block-spacer\"><\/div>\n\n\n\n<h4 class=\"wp-block-heading has-text-align-center\">Notre t\u00e9l\u00e9phonie fixe h\u00e9berg\u00e9e<\/h4>\n\n\n\n<p class=\"has-text-align-center\">Pack Business Unifi\u00e9 avec&nbsp;<strong>Webex<\/strong>&nbsp;: votre solution de t\u00e9l\u00e9phonie et collaboration simple et s\u00e9curis\u00e9e, h\u00e9berg\u00e9e dans le cloud.<\/p>\n\n\n\n<p class=\"has-text-align-center has-black-color has-text-color has-link-color wp-elements-b55fb1b5ee0db2d97aa40939b7f82994\"><strong>La t\u00e9l\u00e9phonie h\u00e9berg\u00e9e<\/strong>, d\u00e9sormais accessible aux grandes entreprises comme aux TPE et PME, offre une solution moderne bas\u00e9e sur le cloud. <strong>Simplifiez<\/strong> la gestion de vos factures de <strong>t\u00e9l\u00e9phonie fixe, <\/strong>b\u00e9n\u00e9ficier d&rsquo;une convergence fixe\/mobile et d&rsquo;outils de collaboration sur tous vos sites gr\u00e2ce \u00e0 la solution <strong>Pack Business Unifi\u00e9.<\/strong><\/p>\n\n\n\n<div style=\"height:14px\" aria-hidden=\"true\" class=\"wp-block-spacer\"><\/div>\n\n\n\n<div id=\"wp-block-themeisle-blocks-button-group-08fda896\" class=\"wp-block-themeisle-blocks-button-group wp-block-buttons align-center-desktop\">\n<div id=\"wp-block-themeisle-blocks-button-a73d76ba\" class=\"wp-block-themeisle-blocks-button wp-block-button\"><a href=\"https:\/\/general-transmission.fr\/index.php\/xtelephonie-hebergee-sfr\" target=\"_self\" rel=\"noopener noreferrer\" class=\"wp-block-button__link\"><span>En savoir plus<\/span><\/a><\/div>\n<\/div>\n<\/div>\n\n\n\n<div class=\"wp-block-column animated fadeInUp is-layout-flow wp-block-column-is-layout-flow\">\n<div id=\"wp-block-themeisle-blocks-font-awesome-icons-5e6ea05f\" class=\"wp-block-themeisle-blocks-font-awesome-icons\"><span class=\"wp-block-themeisle-blocks-font-awesome-icons-container\"><svg xmlns=\"http:\/\/www.w3.org\/2000\/svg\" viewBox=\"0 0 1800 1800\"><path d=\"M1766.471,171.322c17.431,0,31.56-14.128,31.56-31.559V31.56c0-17.431-14.129-31.56-31.56-31.56H33.529 C16.099,0,1.97,14.128,1.97,31.56v108.203c0,17.431,14.129,31.559,31.56,31.559h109.048v924.236H33.529 c-17.431,0-31.56,14.128-31.56,31.559v108.204c0,17.431,14.129,31.559,31.56,31.559h786.238l-497.67,478.822 c-12.561,12.081-12.944,32.062-0.858,44.622c6.195,6.438,14.463,9.678,22.745,9.678c7.872,0,15.758-2.928,21.878-8.819 l472.548-454.654v431.914c0,17.431,14.129,31.56,31.56,31.56s31.559-14.129,31.559-31.56v-431.914l472.549,454.654 c6.124,5.892,14.005,8.819,21.877,8.819c8.281,0,16.551-3.24,22.745-9.678c12.085-12.561,11.702-32.541-0.858-44.622 l-497.671-478.822h846.302c17.431,0,31.56-14.128,31.56-31.559v-108.204c0-17.431-14.129-31.559-31.56-31.559h-109.049V171.322 H1766.471z M65.088,63.118h1669.824v45.085h-109.049H174.137H65.088V63.118z M1734.912,1203.761H65.088v-45.085h109.049h1451.727 h109.049V1203.761z M1594.304,1095.558H205.696V171.322h1388.607V1095.558z\"><\/path><path d=\"M502.242,852.752c8.075,0,16.154-3.082,22.313-9.242l171.52-171.511l197.717,197.717 c6.164,6.159,14.243,9.241,22.317,9.241c8.075,0,16.154-3.082,22.318-9.241l269.904-269.905l0.005,181.012 c0,17.431,14.128,31.56,31.56,31.56c17.43,0,31.559-14.129,31.559-31.56l-0.009-260.289c0-8.73-3.544-16.634-9.276-22.344 c-5.711-5.728-13.613-9.277-22.344-9.277l-260.285-0.009c-17.426,0-31.56,14.129-31.56,31.56s14.129,31.559,31.56,31.559 l187.299,0.009l-250.73,250.731L718.394,605.046c-12.328-12.319-32.308-12.319-44.636,0c-0.014,0.013-0.026,0.031-0.04,0.044 L479.929,798.875c-12.328,12.328-12.328,32.308-0.004,44.631C486.088,849.67,494.163,852.752,502.242,852.752z\"><\/path><\/svg><\/span><\/div>\n\n\n\n<h4 class=\"wp-block-heading has-text-align-center\">Visioconf\u00e9rences et \u00e9crans collaboratifs<\/h4>\n\n\n\n<p class=\"has-text-align-center\">D\u00e9couvrez notre solution de <strong>visioconf\u00e9rence<\/strong> novatrice combinant la vid\u00e9oconf\u00e9rence haute d\u00e9finition (HD), le partage sans fil, les \u00e9crans interactifs&#8230; Transformant ainsi les <strong>salles de conf\u00e9rence <\/strong>et les bureaux administratifs en <strong>espaces intelligents.<\/strong><\/p>\n\n\n\n<p class=\"has-text-align-center\">L&rsquo;organisation de <strong>r\u00e9union de travail<\/strong> ou de groupes de r\u00e9flexion n\u00e9cessite l&rsquo;utilisation de <strong>logiciels<\/strong> tels que Google Meet, Zoom, Skype ou Microsoft Teams, offrant un large \u00e9ventail d&rsquo;options compatible avec nos solutions.<\/p>\n\n\n\n<div style=\"height:7px\" aria-hidden=\"true\" class=\"wp-block-spacer\"><\/div>\n\n\n\n<div id=\"wp-block-themeisle-blocks-button-group-b9be7b7d\" class=\"wp-block-themeisle-blocks-button-group wp-block-buttons align-center-desktop\">\n<div id=\"wp-block-themeisle-blocks-button-7c9dfd96\" class=\"wp-block-themeisle-blocks-button wp-block-button\"><a href=\"https:\/\/general-transmission.fr\/index.php\/xvisio-et-ecran-collaboratif\/\" target=\"_self\" rel=\"noopener noreferrer\" class=\"wp-block-button__link\"><span>En savoir plus<\/span><\/a><\/div>\n<\/div>\n<\/div>\n\n\n\n<div class=\"wp-block-column animated fadeInRight is-layout-flow wp-block-column-is-layout-flow\">\n<figure class=\"wp-block-image aligncenter size-large is-resized\"><img loading=\"lazy\" decoding=\"async\" width=\"1024\" height=\"373\" src=\"https:\/\/general-transmission.fr\/wp-content\/uploads\/2024\/04\/3CX_logo.svg-1024x373.png\" alt=\"\" class=\"wp-image-2371\" style=\"width:200px;height:auto\" srcset=\"https:\/\/general-transmission.fr\/wp-content\/uploads\/2024\/04\/3CX_logo.svg-1024x373.png 1024w, https:\/\/general-transmission.fr\/wp-content\/uploads\/2024\/04\/3CX_logo.svg-300x109.png 300w, https:\/\/general-transmission.fr\/wp-content\/uploads\/2024\/04\/3CX_logo.svg-768x280.png 768w, https:\/\/general-transmission.fr\/wp-content\/uploads\/2024\/04\/3CX_logo.svg.png 1200w\" sizes=\"auto, (max-width: 1024px) 100vw, 1024px\" \/><\/figure>\n\n\n\n<div style=\"height:4px\" aria-hidden=\"true\" class=\"wp-block-spacer\"><\/div>\n\n\n\n<h4 class=\"wp-block-heading has-text-align-center\">T\u00e9l\u00e9phonie h\u00e9berg\u00e9e 3CX<\/h4>\n\n\n\n<p class=\"has-text-align-center has-black-color has-text-color has-link-color wp-elements-578721e7cf9db4bc87c9cbf9e5eef23c\"><strong>Leader mondial<\/strong> dans le domaine des <strong>communications d\u2019entreprise<\/strong> dans un march\u00e9 toujours plus comp\u00e9titif. La solution 3CX propose un standard t\u00e9l\u00e9phonique qui se d\u00e9ploie en local ou sur le cloud. Gr\u00e2ce \u00e0 sa plateforme de communication compl\u00e8te, 3CX offre aux clients une solution simple, flexible et abordable permettant les appels, la vid\u00e9o et le Live Chat.<\/p>\n\n\n\n<p class=\"has-text-align-center has-black-color has-text-color has-link-color wp-elements-ce0af6e9258af482c9f43e0b832056c6\">Avec 3CX, les entreprises peuvent<strong> augmenter leur productivit\u00e9,<\/strong> <strong>optimiser l\u2019exp\u00e9rience client,<\/strong> tout en diminuant fortement leurs co\u00fbts et le temps pass\u00e9 \u00e0<strong> l\u2019administration du syst\u00e8me.<\/strong><\/p>\n\n\n\n<div id=\"wp-block-themeisle-blocks-button-group-0c6fb3ea\" class=\"wp-block-themeisle-blocks-button-group wp-block-buttons align-center-desktop\">\n<div id=\"wp-block-themeisle-blocks-button-6c9a1cf1\" class=\"wp-block-themeisle-blocks-button wp-block-button\"><a href=\"https:\/\/general-transmission.fr\/index.php\/telephonie-3cx\/\" target=\"_self\" rel=\"noopener noreferrer\" class=\"wp-block-button__link\"><span>En savoir plus<\/span><\/a><\/div>\n<\/div>\n<\/div>\n<\/div>\n\n\n\n<div style=\"height:85px\" aria-hidden=\"true\" class=\"wp-block-spacer\"><\/div>\n","protected":false},"excerpt":{"rendered":"<p>D\u00e9couvrez nos offres de Communication et de Collaboration Notre t\u00e9l\u00e9phonie fixe h\u00e9berg\u00e9e Pack Business Unifi\u00e9 avec&nbsp;Webex&nbsp;: votre solution de t\u00e9l\u00e9phonie [&hellip;]<\/p>\n","protected":false},"author":1,"featured_media":0,"parent":0,"menu_order":0,"comment_status":"closed","ping_status":"closed","template":"","meta":{"site-sidebar-layout":"default","site-content-layout":"","ast-site-content-layout":"default","site-content-style":"default","site-sidebar-style":"default","ast-global-header-display":"","ast-banner-title-visibility":"","ast-main-header-display":"","ast-hfb-above-header-display":"","ast-hfb-below-header-display":"","ast-hfb-mobile-header-display":"","site-post-title":"disabled","ast-breadcrumbs-content":"","ast-featured-img":"","footer-sml-layout":"","theme-transparent-header-meta":"","adv-header-id-meta":"","stick-header-meta":"","header-above-stick-meta":"","header-main-stick-meta":"","header-below-stick-meta":"","astra-migrate-meta-layouts":"default","ast-page-background-enabled":"default","ast-page-background-meta":{"desktop":{"background-color":"var(--ast-global-color-4)","background-image":"","background-repeat":"repeat","background-position":"center center","background-size":"auto","background-attachment":"scroll","background-type":"","background-media":"","overlay-type":"","overlay-color":"","overlay-opacity":"","overlay-gradient":""},"tablet":{"background-color":"","background-image":"","background-repeat":"repeat","background-position":"center center","background-size":"auto","background-attachment":"scroll","background-type":"","background-media":"","overlay-type":"","overlay-color":"","overlay-opacity":"","overlay-gradient":""},"mobile":{"background-color":"","background-image":"","background-repeat":"repeat","background-position":"center center","background-size":"auto","background-attachment":"scroll","background-type":"","background-media":"","overlay-type":"","overlay-color":"","overlay-opacity":"","overlay-gradient":""}},"ast-content-background-meta":{"desktop":{"background-color":"var(--ast-global-color-5)","background-image":"","background-repeat":"repeat","background-position":"center center","background-size":"auto","background-attachment":"scroll","background-type":"","background-media":"","overlay-type":"","overlay-color":"","overlay-opacity":"","overlay-gradient":""},"tablet":{"background-color":"var(--ast-global-color-5)","background-image":"","background-repeat":"repeat","background-position":"center center","background-size":"auto","background-attachment":"scroll","background-type":"","background-media":"","overlay-type":"","overlay-color":"","overlay-opacity":"","overlay-gradient":""},"mobile":{"background-color":"var(--ast-global-color-5)","background-image":"","background-repeat":"repeat","background-position":"center center","background-size":"auto","background-attachment":"scroll","background-type":"","background-media":"","overlay-type":"","overlay-color":"","overlay-opacity":"","overlay-gradient":""}},"_themeisle_gutenberg_block_has_review":false,"footnotes":""},"class_list":["post-1452","page","type-page","status-publish","hentry"],"yoast_head":"<!-- This site is optimized with the Yoast SEO plugin v27.5 - https:\/\/yoast.com\/product\/yoast-seo-wordpress\/ -->\n<title>Communication et Collaboration -<\/title>\n<meta name=\"description\" content=\"D\u00e9couvrez nos offres de Communication et de Collaboration : Notre t\u00e9l\u00e9phonie fixe h\u00e9berg\u00e9e, Visioconf\u00e9rences et T\u00e9l\u00e9phonie h\u00e9berg\u00e9e 3CX\" \/>\n<meta name=\"robots\" content=\"index, follow, max-snippet:-1, max-image-preview:large, max-video-preview:-1\" \/>\n<link rel=\"canonical\" href=\"https:\/\/general-transmission.fr\/index.php\/xcommunication-et-collaboration\/\" \/>\n<meta property=\"og:locale\" content=\"fr_FR\" \/>\n<meta property=\"og:type\" content=\"article\" \/>\n<meta property=\"og:title\" content=\"Communication et Collaboration -\" \/>\n<meta property=\"og:description\" content=\"D\u00e9couvrez nos offres de Communication et de Collaboration : Notre t\u00e9l\u00e9phonie fixe h\u00e9berg\u00e9e, Visioconf\u00e9rences et T\u00e9l\u00e9phonie h\u00e9berg\u00e9e 3CX\" \/>\n<meta property=\"og:url\" content=\"https:\/\/general-transmission.fr\/index.php\/xcommunication-et-collaboration\/\" \/>\n<meta property=\"article:modified_time\" content=\"2024-06-26T14:03:33+00:00\" \/>\n<meta property=\"og:image\" content=\"https:\/\/general-transmission.fr\/wp-content\/uploads\/2024\/04\/20140818_Mooc_Reseaux_mobile-1024x808.jpg\" \/>\n<meta name=\"twitter:card\" content=\"summary_large_image\" \/>\n<meta name=\"twitter:label1\" content=\"Dur\u00e9e de lecture estim\u00e9e\" \/>\n\t<meta name=\"twitter:data1\" content=\"2 minutes\" \/>\n<script type=\"application\/ld+json\" class=\"yoast-schema-graph\">{\"@context\":\"https:\\\/\\\/schema.org\",\"@graph\":[{\"@type\":\"Article\",\"@id\":\"https:\\\/\\\/general-transmission.fr\\\/index.php\\\/xcommunication-et-collaboration\\\/#article\",\"isPartOf\":{\"@id\":\"https:\\\/\\\/general-transmission.fr\\\/index.php\\\/xcommunication-et-collaboration\\\/\"},\"author\":{\"name\":\"admin9333\",\"@id\":\"https:\\\/\\\/general-transmission.fr\\\/#\\\/schema\\\/person\\\/934fe62cb3379d5561fd589c4b3fc398\"},\"headline\":\"Communication et Collaboration\",\"datePublished\":\"2024-04-02T13:56:42+00:00\",\"dateModified\":\"2024-06-26T14:03:33+00:00\",\"mainEntityOfPage\":{\"@id\":\"https:\\\/\\\/general-transmission.fr\\\/index.php\\\/xcommunication-et-collaboration\\\/\"},\"wordCount\":295,\"publisher\":{\"@id\":\"https:\\\/\\\/general-transmission.fr\\\/#organization\"},\"image\":{\"@id\":\"https:\\\/\\\/general-transmission.fr\\\/index.php\\\/xcommunication-et-collaboration\\\/#primaryimage\"},\"thumbnailUrl\":\"https:\\\/\\\/general-transmission.fr\\\/wp-content\\\/uploads\\\/2024\\\/04\\\/20140818_Mooc_Reseaux_mobile-1024x808.jpg\",\"inLanguage\":\"fr-FR\"},{\"@type\":\"WebPage\",\"@id\":\"https:\\\/\\\/general-transmission.fr\\\/index.php\\\/xcommunication-et-collaboration\\\/\",\"url\":\"https:\\\/\\\/general-transmission.fr\\\/index.php\\\/xcommunication-et-collaboration\\\/\",\"name\":\"Communication et Collaboration -\",\"isPartOf\":{\"@id\":\"https:\\\/\\\/general-transmission.fr\\\/#website\"},\"primaryImageOfPage\":{\"@id\":\"https:\\\/\\\/general-transmission.fr\\\/index.php\\\/xcommunication-et-collaboration\\\/#primaryimage\"},\"image\":{\"@id\":\"https:\\\/\\\/general-transmission.fr\\\/index.php\\\/xcommunication-et-collaboration\\\/#primaryimage\"},\"thumbnailUrl\":\"https:\\\/\\\/general-transmission.fr\\\/wp-content\\\/uploads\\\/2024\\\/04\\\/20140818_Mooc_Reseaux_mobile-1024x808.jpg\",\"datePublished\":\"2024-04-02T13:56:42+00:00\",\"dateModified\":\"2024-06-26T14:03:33+00:00\",\"description\":\"D\u00e9couvrez nos offres de Communication et de Collaboration : Notre t\u00e9l\u00e9phonie fixe h\u00e9berg\u00e9e, Visioconf\u00e9rences et T\u00e9l\u00e9phonie h\u00e9berg\u00e9e 3CX\",\"breadcrumb\":{\"@id\":\"https:\\\/\\\/general-transmission.fr\\\/index.php\\\/xcommunication-et-collaboration\\\/#breadcrumb\"},\"inLanguage\":\"fr-FR\",\"potentialAction\":[{\"@type\":\"ReadAction\",\"target\":[\"https:\\\/\\\/general-transmission.fr\\\/index.php\\\/xcommunication-et-collaboration\\\/\"]}]},{\"@type\":\"ImageObject\",\"inLanguage\":\"fr-FR\",\"@id\":\"https:\\\/\\\/general-transmission.fr\\\/index.php\\\/xcommunication-et-collaboration\\\/#primaryimage\",\"url\":\"https:\\\/\\\/general-transmission.fr\\\/wp-content\\\/uploads\\\/2024\\\/04\\\/20140818_Mooc_Reseaux_mobile.jpg\",\"contentUrl\":\"https:\\\/\\\/general-transmission.fr\\\/wp-content\\\/uploads\\\/2024\\\/04\\\/20140818_Mooc_Reseaux_mobile.jpg\",\"width\":1552,\"height\":1225,\"caption\":\"Optical fibers lights speeding on dark background around the digital earth globe\"},{\"@type\":\"BreadcrumbList\",\"@id\":\"https:\\\/\\\/general-transmission.fr\\\/index.php\\\/xcommunication-et-collaboration\\\/#breadcrumb\",\"itemListElement\":[{\"@type\":\"ListItem\",\"position\":1,\"name\":\"Accueil\",\"item\":\"https:\\\/\\\/general-transmission.fr\\\/\"},{\"@type\":\"ListItem\",\"position\":2,\"name\":\"Communication et Collaboration\"}]},{\"@type\":\"WebSite\",\"@id\":\"https:\\\/\\\/general-transmission.fr\\\/#website\",\"url\":\"https:\\\/\\\/general-transmission.fr\\\/\",\"name\":\"G\u00e9n\u00e9ral Transmission\",\"description\":\"\",\"publisher\":{\"@id\":\"https:\\\/\\\/general-transmission.fr\\\/#organization\"},\"potentialAction\":[{\"@type\":\"SearchAction\",\"target\":{\"@type\":\"EntryPoint\",\"urlTemplate\":\"https:\\\/\\\/general-transmission.fr\\\/?s={search_term_string}\"},\"query-input\":{\"@type\":\"PropertyValueSpecification\",\"valueRequired\":true,\"valueName\":\"search_term_string\"}}],\"inLanguage\":\"fr-FR\"},{\"@type\":\"Organization\",\"@id\":\"https:\\\/\\\/general-transmission.fr\\\/#organization\",\"name\":\"G\u00e9n\u00e9ral Transmission\",\"url\":\"https:\\\/\\\/general-transmission.fr\\\/\",\"logo\":{\"@type\":\"ImageObject\",\"inLanguage\":\"fr-FR\",\"@id\":\"https:\\\/\\\/general-transmission.fr\\\/#\\\/schema\\\/logo\\\/image\\\/\",\"url\":\"https:\\\/\\\/general-transmission.fr\\\/wp-content\\\/uploads\\\/2020\\\/04\\\/logo-gt.jpg\",\"contentUrl\":\"https:\\\/\\\/general-transmission.fr\\\/wp-content\\\/uploads\\\/2020\\\/04\\\/logo-gt.jpg\",\"width\":223,\"height\":69,\"caption\":\"G\u00e9n\u00e9ral Transmission\"},\"image\":{\"@id\":\"https:\\\/\\\/general-transmission.fr\\\/#\\\/schema\\\/logo\\\/image\\\/\"}},{\"@type\":\"Person\",\"@id\":\"https:\\\/\\\/general-transmission.fr\\\/#\\\/schema\\\/person\\\/934fe62cb3379d5561fd589c4b3fc398\",\"name\":\"admin9333\",\"image\":{\"@type\":\"ImageObject\",\"inLanguage\":\"fr-FR\",\"@id\":\"https:\\\/\\\/secure.gravatar.com\\\/avatar\\\/bee0aa6b5ea460921dca508929c7ccd8b4a9ed2d7aa7517a7a150f8ae0e7acaf?s=96&d=mm&r=g\",\"url\":\"https:\\\/\\\/secure.gravatar.com\\\/avatar\\\/bee0aa6b5ea460921dca508929c7ccd8b4a9ed2d7aa7517a7a150f8ae0e7acaf?s=96&d=mm&r=g\",\"contentUrl\":\"https:\\\/\\\/secure.gravatar.com\\\/avatar\\\/bee0aa6b5ea460921dca508929c7ccd8b4a9ed2d7aa7517a7a150f8ae0e7acaf?s=96&d=mm&r=g\",\"caption\":\"admin9333\"},\"url\":\"https:\\\/\\\/general-transmission.fr\\\/index.php\\\/author\\\/admin9333\\\/\"}]}<\/script>\n<!-- \/ Yoast SEO plugin. -->","yoast_head_json":{"title":"Communication et Collaboration -","description":"D\u00e9couvrez nos offres de Communication et de Collaboration : Notre t\u00e9l\u00e9phonie fixe h\u00e9berg\u00e9e, Visioconf\u00e9rences et T\u00e9l\u00e9phonie h\u00e9berg\u00e9e 3CX","robots":{"index":"index","follow":"follow","max-snippet":"max-snippet:-1","max-image-preview":"max-image-preview:large","max-video-preview":"max-video-preview:-1"},"canonical":"https:\/\/general-transmission.fr\/index.php\/xcommunication-et-collaboration\/","og_locale":"fr_FR","og_type":"article","og_title":"Communication et Collaboration -","og_description":"D\u00e9couvrez nos offres de Communication et de Collaboration : Notre t\u00e9l\u00e9phonie fixe h\u00e9berg\u00e9e, Visioconf\u00e9rences et T\u00e9l\u00e9phonie h\u00e9berg\u00e9e 3CX","og_url":"https:\/\/general-transmission.fr\/index.php\/xcommunication-et-collaboration\/","article_modified_time":"2024-06-26T14:03:33+00:00","og_image":[{"url":"https:\/\/general-transmission.fr\/wp-content\/uploads\/2024\/04\/20140818_Mooc_Reseaux_mobile-1024x808.jpg","type":"","width":"","height":""}],"twitter_card":"summary_large_image","twitter_misc":{"Dur\u00e9e de lecture estim\u00e9e":"2 minutes"},"schema":{"@context":"https:\/\/schema.org","@graph":[{"@type":"Article","@id":"https:\/\/general-transmission.fr\/index.php\/xcommunication-et-collaboration\/#article","isPartOf":{"@id":"https:\/\/general-transmission.fr\/index.php\/xcommunication-et-collaboration\/"},"author":{"name":"admin9333","@id":"https:\/\/general-transmission.fr\/#\/schema\/person\/934fe62cb3379d5561fd589c4b3fc398"},"headline":"Communication et Collaboration","datePublished":"2024-04-02T13:56:42+00:00","dateModified":"2024-06-26T14:03:33+00:00","mainEntityOfPage":{"@id":"https:\/\/general-transmission.fr\/index.php\/xcommunication-et-collaboration\/"},"wordCount":295,"publisher":{"@id":"https:\/\/general-transmission.fr\/#organization"},"image":{"@id":"https:\/\/general-transmission.fr\/index.php\/xcommunication-et-collaboration\/#primaryimage"},"thumbnailUrl":"https:\/\/general-transmission.fr\/wp-content\/uploads\/2024\/04\/20140818_Mooc_Reseaux_mobile-1024x808.jpg","inLanguage":"fr-FR"},{"@type":"WebPage","@id":"https:\/\/general-transmission.fr\/index.php\/xcommunication-et-collaboration\/","url":"https:\/\/general-transmission.fr\/index.php\/xcommunication-et-collaboration\/","name":"Communication et Collaboration -","isPartOf":{"@id":"https:\/\/general-transmission.fr\/#website"},"primaryImageOfPage":{"@id":"https:\/\/general-transmission.fr\/index.php\/xcommunication-et-collaboration\/#primaryimage"},"image":{"@id":"https:\/\/general-transmission.fr\/index.php\/xcommunication-et-collaboration\/#primaryimage"},"thumbnailUrl":"https:\/\/general-transmission.fr\/wp-content\/uploads\/2024\/04\/20140818_Mooc_Reseaux_mobile-1024x808.jpg","datePublished":"2024-04-02T13:56:42+00:00","dateModified":"2024-06-26T14:03:33+00:00","description":"D\u00e9couvrez nos offres de Communication et de Collaboration : Notre t\u00e9l\u00e9phonie fixe h\u00e9berg\u00e9e, Visioconf\u00e9rences et T\u00e9l\u00e9phonie h\u00e9berg\u00e9e 3CX","breadcrumb":{"@id":"https:\/\/general-transmission.fr\/index.php\/xcommunication-et-collaboration\/#breadcrumb"},"inLanguage":"fr-FR","potentialAction":[{"@type":"ReadAction","target":["https:\/\/general-transmission.fr\/index.php\/xcommunication-et-collaboration\/"]}]},{"@type":"ImageObject","inLanguage":"fr-FR","@id":"https:\/\/general-transmission.fr\/index.php\/xcommunication-et-collaboration\/#primaryimage","url":"https:\/\/general-transmission.fr\/wp-content\/uploads\/2024\/04\/20140818_Mooc_Reseaux_mobile.jpg","contentUrl":"https:\/\/general-transmission.fr\/wp-content\/uploads\/2024\/04\/20140818_Mooc_Reseaux_mobile.jpg","width":1552,"height":1225,"caption":"Optical fibers lights speeding on dark background around the digital earth globe"},{"@type":"BreadcrumbList","@id":"https:\/\/general-transmission.fr\/index.php\/xcommunication-et-collaboration\/#breadcrumb","itemListElement":[{"@type":"ListItem","position":1,"name":"Accueil","item":"https:\/\/general-transmission.fr\/"},{"@type":"ListItem","position":2,"name":"Communication et Collaboration"}]},{"@type":"WebSite","@id":"https:\/\/general-transmission.fr\/#website","url":"https:\/\/general-transmission.fr\/","name":"G\u00e9n\u00e9ral Transmission","description":"","publisher":{"@id":"https:\/\/general-transmission.fr\/#organization"},"potentialAction":[{"@type":"SearchAction","target":{"@type":"EntryPoint","urlTemplate":"https:\/\/general-transmission.fr\/?s={search_term_string}"},"query-input":{"@type":"PropertyValueSpecification","valueRequired":true,"valueName":"search_term_string"}}],"inLanguage":"fr-FR"},{"@type":"Organization","@id":"https:\/\/general-transmission.fr\/#organization","name":"G\u00e9n\u00e9ral Transmission","url":"https:\/\/general-transmission.fr\/","logo":{"@type":"ImageObject","inLanguage":"fr-FR","@id":"https:\/\/general-transmission.fr\/#\/schema\/logo\/image\/","url":"https:\/\/general-transmission.fr\/wp-content\/uploads\/2020\/04\/logo-gt.jpg","contentUrl":"https:\/\/general-transmission.fr\/wp-content\/uploads\/2020\/04\/logo-gt.jpg","width":223,"height":69,"caption":"G\u00e9n\u00e9ral Transmission"},"image":{"@id":"https:\/\/general-transmission.fr\/#\/schema\/logo\/image\/"}},{"@type":"Person","@id":"https:\/\/general-transmission.fr\/#\/schema\/person\/934fe62cb3379d5561fd589c4b3fc398","name":"admin9333","image":{"@type":"ImageObject","inLanguage":"fr-FR","@id":"https:\/\/secure.gravatar.com\/avatar\/bee0aa6b5ea460921dca508929c7ccd8b4a9ed2d7aa7517a7a150f8ae0e7acaf?s=96&d=mm&r=g","url":"https:\/\/secure.gravatar.com\/avatar\/bee0aa6b5ea460921dca508929c7ccd8b4a9ed2d7aa7517a7a150f8ae0e7acaf?s=96&d=mm&r=g","contentUrl":"https:\/\/secure.gravatar.com\/avatar\/bee0aa6b5ea460921dca508929c7ccd8b4a9ed2d7aa7517a7a150f8ae0e7acaf?s=96&d=mm&r=g","caption":"admin9333"},"url":"https:\/\/general-transmission.fr\/index.php\/author\/admin9333\/"}]}},"_links":{"self":[{"href":"https:\/\/general-transmission.fr\/index.php\/wp-json\/wp\/v2\/pages\/1452","targetHints":{"allow":["GET"]}}],"collection":[{"href":"https:\/\/general-transmission.fr\/index.php\/wp-json\/wp\/v2\/pages"}],"about":[{"href":"https:\/\/general-transmission.fr\/index.php\/wp-json\/wp\/v2\/types\/page"}],"author":[{"embeddable":true,"href":"https:\/\/general-transmission.fr\/index.php\/wp-json\/wp\/v2\/users\/1"}],"replies":[{"embeddable":true,"href":"https:\/\/general-transmission.fr\/index.php\/wp-json\/wp\/v2\/comments?post=1452"}],"version-history":[{"count":43,"href":"https:\/\/general-transmission.fr\/index.php\/wp-json\/wp\/v2\/pages\/1452\/revisions"}],"predecessor-version":[{"id":2739,"href":"https:\/\/general-transmission.fr\/index.php\/wp-json\/wp\/v2\/pages\/1452\/revisions\/2739"}],"wp:attachment":[{"href":"https:\/\/general-transmission.fr\/index.php\/wp-json\/wp\/v2\/media?parent=1452"}],"curies":[{"name":"wp","href":"https:\/\/api.w.org\/{rel}","templated":true}]}}