{"id":1449,"date":"2024-04-02T15:54:09","date_gmt":"2024-04-02T13:54:09","guid":{"rendered":"https:\/\/general-transmission.fr\/?page_id=1449"},"modified":"2024-06-26T16:50:32","modified_gmt":"2024-06-26T14:50:32","slug":"partenaire-sfr-business-2","status":"publish","type":"page","link":"https:\/\/general-transmission.fr\/index.php\/partenaire-sfr-business-2\/","title":{"rendered":"Partenaire SFR Business"},"content":{"rendered":"\n<div class=\"wp-block-cover alignwide\"><span aria-hidden=\"true\" class=\"wp-block-cover__background has-background-dim\"><\/span><img loading=\"lazy\" decoding=\"async\" width=\"1024\" height=\"337\" class=\"wp-block-cover__image-background wp-image-2326\" alt=\"Partenaire SFR Business\" src=\"https:\/\/general-transmission.fr\/wp-content\/uploads\/2024\/04\/maxresdefault-1024x337.jpg\" data-object-fit=\"cover\" srcset=\"https:\/\/general-transmission.fr\/wp-content\/uploads\/2024\/04\/maxresdefault-1024x337.jpg 1024w, https:\/\/general-transmission.fr\/wp-content\/uploads\/2024\/04\/maxresdefault-300x99.jpg 300w, https:\/\/general-transmission.fr\/wp-content\/uploads\/2024\/04\/maxresdefault-768x253.jpg 768w, https:\/\/general-transmission.fr\/wp-content\/uploads\/2024\/04\/maxresdefault.jpg 1280w\" sizes=\"auto, (max-width: 1024px) 100vw, 1024px\" \/><div class=\"wp-block-cover__inner-container is-layout-flow wp-block-cover-is-layout-flow\">\n<h1 class=\"wp-block-heading has-text-align-center animated fadeInDown has-large-font-size\">Partenaire SFR Business<\/h1>\n<\/div><\/div>\n\n\n\n<div style=\"height:37px\" aria-hidden=\"true\" class=\"wp-block-spacer\"><\/div>\n\n\n\n<h3 class=\"wp-block-heading has-text-align-center animated fadeInDown\">G\u00e9n\u00e9ral Transmission, partenaire majeur SFR Business<\/h3>\n\n\n\n<p class=\"has-text-align-center animated fadeInDown\"><br>Dans le cadre de son engagement \u00e0 soutenir les TPE, PME et grands comptes r\u00e9gionaux dans leur <strong>transition vers les technologies num\u00e9riques<\/strong>, General Transmission propose des solutions op\u00e9rateurs avantageuses, compl\u00e8tes et adapt\u00e9es. Ces solutions comprennent la <strong>t\u00e9l\u00e9phonie fixe et mobile, l&rsquo;internet haut et tr\u00e8s haut d\u00e9bit, les r\u00e9seaux VPN et les services h\u00e9berg\u00e9s<\/strong> \u00e0 forte valeur ajout\u00e9e pour r\u00e9pondre aux besoins sp\u00e9cifiques de votre entreprise. Ceci est rendu possible gr\u00e2ce \u00e0 notre <strong>partenariat historique avec SFR Business.<\/strong><\/p>\n\n\n\n<div style=\"height:20px\" aria-hidden=\"true\" class=\"wp-block-spacer\"><\/div>\n\n\n\n<div class=\"wp-block-columns animated fadeInUp has-background is-layout-flex wp-container-core-columns-is-layout-28f84493 wp-block-columns-is-layout-flex\" style=\"background-color:#fefefe\">\n<div class=\"wp-block-column is-layout-flow wp-block-column-is-layout-flow\">\n<figure class=\"wp-block-image aligncenter size-large\"><img loading=\"lazy\" decoding=\"async\" width=\"1024\" height=\"768\" src=\"https:\/\/general-transmission.fr\/wp-content\/uploads\/2024\/04\/333-1024x768.jpg\" alt=\"Partenaire SFR Business\" class=\"wp-image-2332\" srcset=\"https:\/\/general-transmission.fr\/wp-content\/uploads\/2024\/04\/333-1024x768.jpg 1024w, https:\/\/general-transmission.fr\/wp-content\/uploads\/2024\/04\/333-300x225.jpg 300w, https:\/\/general-transmission.fr\/wp-content\/uploads\/2024\/04\/333-768x576.jpg 768w, https:\/\/general-transmission.fr\/wp-content\/uploads\/2024\/04\/333.jpg 1478w\" sizes=\"auto, (max-width: 1024px) 100vw, 1024px\" \/><\/figure>\n<\/div>\n\n\n\n<div class=\"wp-block-column is-layout-flow wp-block-column-is-layout-flow\">\n<figure class=\"wp-block-image aligncenter size-large is-resized\"><img loading=\"lazy\" decoding=\"async\" width=\"1024\" height=\"768\" src=\"https:\/\/general-transmission.fr\/wp-content\/uploads\/2024\/04\/1666332194826-1024x768.jpg\" alt=\"Partenaire SFR Business\" class=\"wp-image-2334\" style=\"width:703px;height:auto\" srcset=\"https:\/\/general-transmission.fr\/wp-content\/uploads\/2024\/04\/1666332194826-1024x768.jpg 1024w, https:\/\/general-transmission.fr\/wp-content\/uploads\/2024\/04\/1666332194826-300x225.jpg 300w, https:\/\/general-transmission.fr\/wp-content\/uploads\/2024\/04\/1666332194826-768x576.jpg 768w, https:\/\/general-transmission.fr\/wp-content\/uploads\/2024\/04\/1666332194826.jpg 1478w\" sizes=\"auto, (max-width: 1024px) 100vw, 1024px\" \/><\/figure>\n<\/div>\n<\/div>\n\n\n\n<ul class=\"wp-block-social-links aligncenter is-layout-flex wp-block-social-links-is-layout-flex\"><li class=\"wp-social-link wp-social-link-linkedin  wp-block-social-link\"><a href=\"https:\/\/www.linkedin.com\/company\/general-transmission-sfr\/mycompany\/?viewAsMember=true\" class=\"wp-block-social-link-anchor\"><svg width=\"24\" height=\"24\" viewBox=\"0 0 24 24\" version=\"1.1\" xmlns=\"http:\/\/www.w3.org\/2000\/svg\" aria-hidden=\"true\" focusable=\"false\"><path d=\"M19.7,3H4.3C3.582,3,3,3.582,3,4.3v15.4C3,20.418,3.582,21,4.3,21h15.4c0.718,0,1.3-0.582,1.3-1.3V4.3 C21,3.582,20.418,3,19.7,3z M8.339,18.338H5.667v-8.59h2.672V18.338z M7.004,8.574c-0.857,0-1.549-0.694-1.549-1.548 c0-0.855,0.691-1.548,1.549-1.548c0.854,0,1.547,0.694,1.547,1.548C8.551,7.881,7.858,8.574,7.004,8.574z M18.339,18.338h-2.669 v-4.177c0-0.996-0.017-2.278-1.387-2.278c-1.389,0-1.601,1.086-1.601,2.206v4.249h-2.667v-8.59h2.559v1.174h0.037 c0.356-0.675,1.227-1.387,2.526-1.387c2.703,0,3.203,1.779,3.203,4.092V18.338z\"><\/path><\/svg><span class=\"wp-block-social-link-label screen-reader-text\">LinkedIn<\/span><\/a><\/li><\/ul>\n\n\n\n<div style=\"height:72px\" aria-hidden=\"true\" class=\"wp-block-spacer\"><\/div>\n","protected":false},"excerpt":{"rendered":"<p>G\u00e9n\u00e9ral Transmission, partenaire majeur SFR Business Dans le cadre de son engagement \u00e0 soutenir les TPE, PME et grands comptes [&hellip;]<\/p>\n","protected":false},"author":1,"featured_media":0,"parent":0,"menu_order":0,"comment_status":"closed","ping_status":"closed","template":"","meta":{"site-sidebar-layout":"default","site-content-layout":"","ast-site-content-layout":"default","site-content-style":"default","site-sidebar-style":"default","ast-global-header-display":"","ast-banner-title-visibility":"","ast-main-header-display":"","ast-hfb-above-header-display":"","ast-hfb-below-header-display":"","ast-hfb-mobile-header-display":"","site-post-title":"disabled","ast-breadcrumbs-content":"","ast-featured-img":"","footer-sml-layout":"","theme-transparent-header-meta":"","adv-header-id-meta":"","stick-header-meta":"","header-above-stick-meta":"","header-main-stick-meta":"","header-below-stick-meta":"","astra-migrate-meta-layouts":"default","ast-page-background-enabled":"default","ast-page-background-meta":{"desktop":{"background-color":"var(--ast-global-color-4)","background-image":"","background-repeat":"repeat","background-position":"center center","background-size":"auto","background-attachment":"scroll","background-type":"","background-media":"","overlay-type":"","overlay-color":"","overlay-opacity":"","overlay-gradient":""},"tablet":{"background-color":"","background-image":"","background-repeat":"repeat","background-position":"center center","background-size":"auto","background-attachment":"scroll","background-type":"","background-media":"","overlay-type":"","overlay-color":"","overlay-opacity":"","overlay-gradient":""},"mobile":{"background-color":"","background-image":"","background-repeat":"repeat","background-position":"center center","background-size":"auto","background-attachment":"scroll","background-type":"","background-media":"","overlay-type":"","overlay-color":"","overlay-opacity":"","overlay-gradient":""}},"ast-content-background-meta":{"desktop":{"background-color":"var(--ast-global-color-5)","background-image":"","background-repeat":"repeat","background-position":"center center","background-size":"auto","background-attachment":"scroll","background-type":"","background-media":"","overlay-type":"","overlay-color":"","overlay-opacity":"","overlay-gradient":""},"tablet":{"background-color":"var(--ast-global-color-5)","background-image":"","background-repeat":"repeat","background-position":"center center","background-size":"auto","background-attachment":"scroll","background-type":"","background-media":"","overlay-type":"","overlay-color":"","overlay-opacity":"","overlay-gradient":""},"mobile":{"background-color":"var(--ast-global-color-5)","background-image":"","background-repeat":"repeat","background-position":"center center","background-size":"auto","background-attachment":"scroll","background-type":"","background-media":"","overlay-type":"","overlay-color":"","overlay-opacity":"","overlay-gradient":""}},"_themeisle_gutenberg_block_has_review":false,"footnotes":""},"class_list":["post-1449","page","type-page","status-publish","hentry"],"yoast_head":"<!-- This site is optimized with the Yoast SEO plugin v27.4 - https:\/\/yoast.com\/product\/yoast-seo-wordpress\/ -->\n<title>Partenaire SFR Business -<\/title>\n<meta name=\"description\" content=\"General Transmission propose des solutions op\u00e9rateurs avantageuses, compl\u00e8tes et adapt\u00e9es aux TPE, PME et grands comptes r\u00e9gionaux.\" \/>\n<meta name=\"robots\" content=\"index, follow, max-snippet:-1, max-image-preview:large, max-video-preview:-1\" \/>\n<link rel=\"canonical\" href=\"https:\/\/general-transmission.fr\/index.php\/partenaire-sfr-business-2\/\" \/>\n<meta property=\"og:locale\" content=\"fr_FR\" \/>\n<meta property=\"og:type\" content=\"article\" \/>\n<meta property=\"og:title\" content=\"Partenaire SFR Business -\" \/>\n<meta property=\"og:description\" content=\"General Transmission propose des solutions op\u00e9rateurs avantageuses, compl\u00e8tes et adapt\u00e9es aux TPE, PME et grands comptes r\u00e9gionaux.\" \/>\n<meta property=\"og:url\" content=\"https:\/\/general-transmission.fr\/index.php\/partenaire-sfr-business-2\/\" \/>\n<meta property=\"article:modified_time\" content=\"2024-06-26T14:50:32+00:00\" \/>\n<meta property=\"og:image\" content=\"https:\/\/general-transmission.fr\/wp-content\/uploads\/2024\/04\/maxresdefault-1024x337.jpg\" \/>\n<meta name=\"twitter:card\" content=\"summary_large_image\" \/>\n<meta name=\"twitter:label1\" content=\"Dur\u00e9e de lecture estim\u00e9e\" \/>\n\t<meta name=\"twitter:data1\" content=\"2 minutes\" \/>\n<script type=\"application\/ld+json\" class=\"yoast-schema-graph\">{\"@context\":\"https:\\\/\\\/schema.org\",\"@graph\":[{\"@type\":\"Article\",\"@id\":\"https:\\\/\\\/general-transmission.fr\\\/index.php\\\/partenaire-sfr-business-2\\\/#article\",\"isPartOf\":{\"@id\":\"https:\\\/\\\/general-transmission.fr\\\/index.php\\\/partenaire-sfr-business-2\\\/\"},\"author\":{\"name\":\"admin9333\",\"@id\":\"https:\\\/\\\/general-transmission.fr\\\/#\\\/schema\\\/person\\\/934fe62cb3379d5561fd589c4b3fc398\"},\"headline\":\"Partenaire SFR Business\",\"datePublished\":\"2024-04-02T13:54:09+00:00\",\"dateModified\":\"2024-06-26T14:50:32+00:00\",\"mainEntityOfPage\":{\"@id\":\"https:\\\/\\\/general-transmission.fr\\\/index.php\\\/partenaire-sfr-business-2\\\/\"},\"wordCount\":104,\"publisher\":{\"@id\":\"https:\\\/\\\/general-transmission.fr\\\/#organization\"},\"image\":{\"@id\":\"https:\\\/\\\/general-transmission.fr\\\/index.php\\\/partenaire-sfr-business-2\\\/#primaryimage\"},\"thumbnailUrl\":\"https:\\\/\\\/general-transmission.fr\\\/wp-content\\\/uploads\\\/2024\\\/04\\\/maxresdefault-1024x337.jpg\",\"inLanguage\":\"fr-FR\"},{\"@type\":\"WebPage\",\"@id\":\"https:\\\/\\\/general-transmission.fr\\\/index.php\\\/partenaire-sfr-business-2\\\/\",\"url\":\"https:\\\/\\\/general-transmission.fr\\\/index.php\\\/partenaire-sfr-business-2\\\/\",\"name\":\"Partenaire SFR Business -\",\"isPartOf\":{\"@id\":\"https:\\\/\\\/general-transmission.fr\\\/#website\"},\"primaryImageOfPage\":{\"@id\":\"https:\\\/\\\/general-transmission.fr\\\/index.php\\\/partenaire-sfr-business-2\\\/#primaryimage\"},\"image\":{\"@id\":\"https:\\\/\\\/general-transmission.fr\\\/index.php\\\/partenaire-sfr-business-2\\\/#primaryimage\"},\"thumbnailUrl\":\"https:\\\/\\\/general-transmission.fr\\\/wp-content\\\/uploads\\\/2024\\\/04\\\/maxresdefault-1024x337.jpg\",\"datePublished\":\"2024-04-02T13:54:09+00:00\",\"dateModified\":\"2024-06-26T14:50:32+00:00\",\"description\":\"General Transmission propose des solutions op\u00e9rateurs avantageuses, compl\u00e8tes et adapt\u00e9es aux TPE, PME et grands comptes r\u00e9gionaux.\",\"breadcrumb\":{\"@id\":\"https:\\\/\\\/general-transmission.fr\\\/index.php\\\/partenaire-sfr-business-2\\\/#breadcrumb\"},\"inLanguage\":\"fr-FR\",\"potentialAction\":[{\"@type\":\"ReadAction\",\"target\":[\"https:\\\/\\\/general-transmission.fr\\\/index.php\\\/partenaire-sfr-business-2\\\/\"]}]},{\"@type\":\"ImageObject\",\"inLanguage\":\"fr-FR\",\"@id\":\"https:\\\/\\\/general-transmission.fr\\\/index.php\\\/partenaire-sfr-business-2\\\/#primaryimage\",\"url\":\"https:\\\/\\\/general-transmission.fr\\\/wp-content\\\/uploads\\\/2024\\\/04\\\/maxresdefault.jpg\",\"contentUrl\":\"https:\\\/\\\/general-transmission.fr\\\/wp-content\\\/uploads\\\/2024\\\/04\\\/maxresdefault.jpg\",\"width\":1280,\"height\":421},{\"@type\":\"BreadcrumbList\",\"@id\":\"https:\\\/\\\/general-transmission.fr\\\/index.php\\\/partenaire-sfr-business-2\\\/#breadcrumb\",\"itemListElement\":[{\"@type\":\"ListItem\",\"position\":1,\"name\":\"Accueil\",\"item\":\"https:\\\/\\\/general-transmission.fr\\\/\"},{\"@type\":\"ListItem\",\"position\":2,\"name\":\"Partenaire SFR Business\"}]},{\"@type\":\"WebSite\",\"@id\":\"https:\\\/\\\/general-transmission.fr\\\/#website\",\"url\":\"https:\\\/\\\/general-transmission.fr\\\/\",\"name\":\"G\u00e9n\u00e9ral Transmission\",\"description\":\"\",\"publisher\":{\"@id\":\"https:\\\/\\\/general-transmission.fr\\\/#organization\"},\"potentialAction\":[{\"@type\":\"SearchAction\",\"target\":{\"@type\":\"EntryPoint\",\"urlTemplate\":\"https:\\\/\\\/general-transmission.fr\\\/?s={search_term_string}\"},\"query-input\":{\"@type\":\"PropertyValueSpecification\",\"valueRequired\":true,\"valueName\":\"search_term_string\"}}],\"inLanguage\":\"fr-FR\"},{\"@type\":\"Organization\",\"@id\":\"https:\\\/\\\/general-transmission.fr\\\/#organization\",\"name\":\"G\u00e9n\u00e9ral Transmission\",\"url\":\"https:\\\/\\\/general-transmission.fr\\\/\",\"logo\":{\"@type\":\"ImageObject\",\"inLanguage\":\"fr-FR\",\"@id\":\"https:\\\/\\\/general-transmission.fr\\\/#\\\/schema\\\/logo\\\/image\\\/\",\"url\":\"https:\\\/\\\/general-transmission.fr\\\/wp-content\\\/uploads\\\/2020\\\/04\\\/logo-gt.jpg\",\"contentUrl\":\"https:\\\/\\\/general-transmission.fr\\\/wp-content\\\/uploads\\\/2020\\\/04\\\/logo-gt.jpg\",\"width\":223,\"height\":69,\"caption\":\"G\u00e9n\u00e9ral Transmission\"},\"image\":{\"@id\":\"https:\\\/\\\/general-transmission.fr\\\/#\\\/schema\\\/logo\\\/image\\\/\"}},{\"@type\":\"Person\",\"@id\":\"https:\\\/\\\/general-transmission.fr\\\/#\\\/schema\\\/person\\\/934fe62cb3379d5561fd589c4b3fc398\",\"name\":\"admin9333\",\"image\":{\"@type\":\"ImageObject\",\"inLanguage\":\"fr-FR\",\"@id\":\"https:\\\/\\\/secure.gravatar.com\\\/avatar\\\/bee0aa6b5ea460921dca508929c7ccd8b4a9ed2d7aa7517a7a150f8ae0e7acaf?s=96&d=mm&r=g\",\"url\":\"https:\\\/\\\/secure.gravatar.com\\\/avatar\\\/bee0aa6b5ea460921dca508929c7ccd8b4a9ed2d7aa7517a7a150f8ae0e7acaf?s=96&d=mm&r=g\",\"contentUrl\":\"https:\\\/\\\/secure.gravatar.com\\\/avatar\\\/bee0aa6b5ea460921dca508929c7ccd8b4a9ed2d7aa7517a7a150f8ae0e7acaf?s=96&d=mm&r=g\",\"caption\":\"admin9333\"},\"url\":\"https:\\\/\\\/general-transmission.fr\\\/index.php\\\/author\\\/admin9333\\\/\"}]}<\/script>\n<!-- \/ Yoast SEO plugin. -->","yoast_head_json":{"title":"Partenaire SFR Business -","description":"General Transmission propose des solutions op\u00e9rateurs avantageuses, compl\u00e8tes et adapt\u00e9es aux TPE, PME et grands comptes r\u00e9gionaux.","robots":{"index":"index","follow":"follow","max-snippet":"max-snippet:-1","max-image-preview":"max-image-preview:large","max-video-preview":"max-video-preview:-1"},"canonical":"https:\/\/general-transmission.fr\/index.php\/partenaire-sfr-business-2\/","og_locale":"fr_FR","og_type":"article","og_title":"Partenaire SFR Business -","og_description":"General Transmission propose des solutions op\u00e9rateurs avantageuses, compl\u00e8tes et adapt\u00e9es aux TPE, PME et grands comptes r\u00e9gionaux.","og_url":"https:\/\/general-transmission.fr\/index.php\/partenaire-sfr-business-2\/","article_modified_time":"2024-06-26T14:50:32+00:00","og_image":[{"url":"https:\/\/general-transmission.fr\/wp-content\/uploads\/2024\/04\/maxresdefault-1024x337.jpg","type":"","width":"","height":""}],"twitter_card":"summary_large_image","twitter_misc":{"Dur\u00e9e de lecture estim\u00e9e":"2 minutes"},"schema":{"@context":"https:\/\/schema.org","@graph":[{"@type":"Article","@id":"https:\/\/general-transmission.fr\/index.php\/partenaire-sfr-business-2\/#article","isPartOf":{"@id":"https:\/\/general-transmission.fr\/index.php\/partenaire-sfr-business-2\/"},"author":{"name":"admin9333","@id":"https:\/\/general-transmission.fr\/#\/schema\/person\/934fe62cb3379d5561fd589c4b3fc398"},"headline":"Partenaire SFR Business","datePublished":"2024-04-02T13:54:09+00:00","dateModified":"2024-06-26T14:50:32+00:00","mainEntityOfPage":{"@id":"https:\/\/general-transmission.fr\/index.php\/partenaire-sfr-business-2\/"},"wordCount":104,"publisher":{"@id":"https:\/\/general-transmission.fr\/#organization"},"image":{"@id":"https:\/\/general-transmission.fr\/index.php\/partenaire-sfr-business-2\/#primaryimage"},"thumbnailUrl":"https:\/\/general-transmission.fr\/wp-content\/uploads\/2024\/04\/maxresdefault-1024x337.jpg","inLanguage":"fr-FR"},{"@type":"WebPage","@id":"https:\/\/general-transmission.fr\/index.php\/partenaire-sfr-business-2\/","url":"https:\/\/general-transmission.fr\/index.php\/partenaire-sfr-business-2\/","name":"Partenaire SFR Business -","isPartOf":{"@id":"https:\/\/general-transmission.fr\/#website"},"primaryImageOfPage":{"@id":"https:\/\/general-transmission.fr\/index.php\/partenaire-sfr-business-2\/#primaryimage"},"image":{"@id":"https:\/\/general-transmission.fr\/index.php\/partenaire-sfr-business-2\/#primaryimage"},"thumbnailUrl":"https:\/\/general-transmission.fr\/wp-content\/uploads\/2024\/04\/maxresdefault-1024x337.jpg","datePublished":"2024-04-02T13:54:09+00:00","dateModified":"2024-06-26T14:50:32+00:00","description":"General Transmission propose des solutions op\u00e9rateurs avantageuses, compl\u00e8tes et adapt\u00e9es aux TPE, PME et grands comptes r\u00e9gionaux.","breadcrumb":{"@id":"https:\/\/general-transmission.fr\/index.php\/partenaire-sfr-business-2\/#breadcrumb"},"inLanguage":"fr-FR","potentialAction":[{"@type":"ReadAction","target":["https:\/\/general-transmission.fr\/index.php\/partenaire-sfr-business-2\/"]}]},{"@type":"ImageObject","inLanguage":"fr-FR","@id":"https:\/\/general-transmission.fr\/index.php\/partenaire-sfr-business-2\/#primaryimage","url":"https:\/\/general-transmission.fr\/wp-content\/uploads\/2024\/04\/maxresdefault.jpg","contentUrl":"https:\/\/general-transmission.fr\/wp-content\/uploads\/2024\/04\/maxresdefault.jpg","width":1280,"height":421},{"@type":"BreadcrumbList","@id":"https:\/\/general-transmission.fr\/index.php\/partenaire-sfr-business-2\/#breadcrumb","itemListElement":[{"@type":"ListItem","position":1,"name":"Accueil","item":"https:\/\/general-transmission.fr\/"},{"@type":"ListItem","position":2,"name":"Partenaire SFR Business"}]},{"@type":"WebSite","@id":"https:\/\/general-transmission.fr\/#website","url":"https:\/\/general-transmission.fr\/","name":"G\u00e9n\u00e9ral Transmission","description":"","publisher":{"@id":"https:\/\/general-transmission.fr\/#organization"},"potentialAction":[{"@type":"SearchAction","target":{"@type":"EntryPoint","urlTemplate":"https:\/\/general-transmission.fr\/?s={search_term_string}"},"query-input":{"@type":"PropertyValueSpecification","valueRequired":true,"valueName":"search_term_string"}}],"inLanguage":"fr-FR"},{"@type":"Organization","@id":"https:\/\/general-transmission.fr\/#organization","name":"G\u00e9n\u00e9ral Transmission","url":"https:\/\/general-transmission.fr\/","logo":{"@type":"ImageObject","inLanguage":"fr-FR","@id":"https:\/\/general-transmission.fr\/#\/schema\/logo\/image\/","url":"https:\/\/general-transmission.fr\/wp-content\/uploads\/2020\/04\/logo-gt.jpg","contentUrl":"https:\/\/general-transmission.fr\/wp-content\/uploads\/2020\/04\/logo-gt.jpg","width":223,"height":69,"caption":"G\u00e9n\u00e9ral Transmission"},"image":{"@id":"https:\/\/general-transmission.fr\/#\/schema\/logo\/image\/"}},{"@type":"Person","@id":"https:\/\/general-transmission.fr\/#\/schema\/person\/934fe62cb3379d5561fd589c4b3fc398","name":"admin9333","image":{"@type":"ImageObject","inLanguage":"fr-FR","@id":"https:\/\/secure.gravatar.com\/avatar\/bee0aa6b5ea460921dca508929c7ccd8b4a9ed2d7aa7517a7a150f8ae0e7acaf?s=96&d=mm&r=g","url":"https:\/\/secure.gravatar.com\/avatar\/bee0aa6b5ea460921dca508929c7ccd8b4a9ed2d7aa7517a7a150f8ae0e7acaf?s=96&d=mm&r=g","contentUrl":"https:\/\/secure.gravatar.com\/avatar\/bee0aa6b5ea460921dca508929c7ccd8b4a9ed2d7aa7517a7a150f8ae0e7acaf?s=96&d=mm&r=g","caption":"admin9333"},"url":"https:\/\/general-transmission.fr\/index.php\/author\/admin9333\/"}]}},"_links":{"self":[{"href":"https:\/\/general-transmission.fr\/index.php\/wp-json\/wp\/v2\/pages\/1449","targetHints":{"allow":["GET"]}}],"collection":[{"href":"https:\/\/general-transmission.fr\/index.php\/wp-json\/wp\/v2\/pages"}],"about":[{"href":"https:\/\/general-transmission.fr\/index.php\/wp-json\/wp\/v2\/types\/page"}],"author":[{"embeddable":true,"href":"https:\/\/general-transmission.fr\/index.php\/wp-json\/wp\/v2\/users\/1"}],"replies":[{"embeddable":true,"href":"https:\/\/general-transmission.fr\/index.php\/wp-json\/wp\/v2\/comments?post=1449"}],"version-history":[{"count":6,"href":"https:\/\/general-transmission.fr\/index.php\/wp-json\/wp\/v2\/pages\/1449\/revisions"}],"predecessor-version":[{"id":2769,"href":"https:\/\/general-transmission.fr\/index.php\/wp-json\/wp\/v2\/pages\/1449\/revisions\/2769"}],"wp:attachment":[{"href":"https:\/\/general-transmission.fr\/index.php\/wp-json\/wp\/v2\/media?parent=1449"}],"curies":[{"name":"wp","href":"https:\/\/api.w.org\/{rel}","templated":true}]}}